{"id":423,"date":"2017-09-04T13:42:36","date_gmt":"2017-09-04T12:42:36","guid":{"rendered":"https:\/\/about.rte.ie\/contact\/?page_id=423"},"modified":"2024-09-09T07:54:24","modified_gmt":"2024-09-09T06:54:24","slug":"423-2","status":"publish","type":"page","link":"https:\/\/about.rte.ie\/contact\/423-2\/","title":{"rendered":"Comhfhreagras"},"content":{"rendered":"<div id=\"pl-423\"  class=\"panel-layout\" ><div id=\"pg-423-0\"  class=\"panel-grid panel-no-style\" ><div id=\"pgc-423-0-0\"  class=\"panel-grid-cell\" ><div id=\"panel-423-0-0-0\" class=\"so-panel widget widget_sow-headline panel-first-child panel-last-child\" data-index=\"0\" ><div\n\t\t\t\n\t\t\tclass=\"so-widget-sow-headline so-widget-sow-headline-default-6f3c4ab8f8ce-423\"\n\t\t\t\n\t\t><div class=\"sow-headline-container \">\n\t\t\t\t\t\t\t<h4 class=\"sow-headline\">\n\t\t\t\t\t\tSonra\u00ed Comhfhreagrais\t\t\t\t\t\t<\/h4>\n\t\t\t\t\t\t<\/div>\n<\/div><\/div><\/div><\/div><div id=\"pg-423-1\"  class=\"panel-grid panel-no-style\" ><div id=\"pgc-423-1-0\"  class=\"panel-grid-cell\" ><div id=\"panel-423-1-0-0\" class=\"so-panel widget widget_text panel-first-child\" data-index=\"1\" ><div class=\"contact-widget panel-widget-style panel-widget-style-for-423-1-0-0\" ><h3 class=\"widget-title\">CEANNOIFIG RT\u00c9<\/h3>\t\t\t<div class=\"textwidget\"><p>RT\u00c9,<br \/>\nDomhnach Broc,<br \/>\nBaile \u00c1tha Cliath\u00a0 4<br \/>\nP: (01) 2083111<br \/>\nF: (01) 2083080<br \/>\nR: ceaptar seoladh r\u00edomhphoist bhall foirne de chuid RT\u00c9 de r\u00e9ir na foirmle seo a leanas: <a href=\"http:\/\/www.rte.ie\/about\/en\/information-and-feedback\/contact-rte\/2012\/0220\/290072-contact-information\/#\">firstname.surname@rte.ie<\/a>\u00a0eg.\u00a0<a href=\"http:\/\/www.rte.ie\/about\/en\/information-and-feedback\/contact-rte\/2012\/0220\/290072-contact-information\/#\">joe.bloggs@rte.ie<\/a><\/p>\n<\/div>\n\t\t<\/div><\/div><div id=\"panel-423-1-0-1\" class=\"so-panel widget widget_text panel-last-child\" data-index=\"2\" ><div class=\"contact-widget panel-widget-style panel-widget-style-for-423-1-0-1\" ><h3 class=\"widget-title\">OIFIG EOLAIS RT\u00c9<\/h3>\t\t\t<div class=\"textwidget\"><p>T\u00e1 baill foirne Oifig Eolais RT\u00c9 ar f\u00e1il chun aon cheist ghinear\u00e1lta a bheadh agat faoi chl\u00e1ir n\u00f3 faoi sheirbh\u00eds\u00ed RT\u00c9 a fhreagairt. F\u00e1ilt\u00edonn an oifig roimh thuairim\u00ed agus aiseolas. M\u00e1s mian leat glao a chur taobh amuigh d&#8217;uaireanta oifige, is f\u00e9idir leat teachtaireacht gutha a fh\u00e1g\u00e1il agus cuirfear glao ar ais ort an l\u00e1 oibre d\u00e1r gcionn.<\/p>\n<h3 class=\"widget-title\">SONRA\u00cd COMHFHREAGRAIS<\/h3>\n<p>P: (01) 2083434<br \/>\nE: info@rte.ie<\/p>\n<\/div>\n\t\t<\/div><\/div><\/div><div id=\"pgc-423-1-1\"  class=\"panel-grid-cell panel-grid-cell-empty panel-grid-cell-mobile-last\" ><\/div><div id=\"pgc-423-1-2\"  class=\"panel-grid-cell panel-grid-cell-empty\" ><\/div><\/div><div id=\"pg-423-2\"  class=\"panel-grid panel-no-style\" ><div id=\"pgc-423-2-0\"  class=\"panel-grid-cell\" ><div id=\"panel-423-2-0-0\" class=\"so-panel widget widget_text panel-first-child\" data-index=\"3\" ><h3 class=\"widget-title\">Map<\/h3>\t\t\t<div class=\"textwidget\"><\/div>\n\t\t<\/div><div id=\"panel-423-2-0-1\" class=\"so-panel widget widget_sow-headline panel-last-child\" data-index=\"4\" ><div\n\t\t\t\n\t\t\tclass=\"so-widget-sow-headline so-widget-sow-headline-default-6f3c4ab8f8ce-423\"\n\t\t\t\n\t\t><div class=\"sow-headline-container \">\n\t\t\t\t\t\t\t<h4 class=\"sow-headline\">\n\t\t\t\t\t\tSti\u00faideonna R\u00e9igi\u00fanacha RT\u00c9\t\t\t\t\t\t<\/h4>\n\t\t\t\t\t\t<\/div>\n<\/div><\/div><\/div><\/div><div id=\"pg-423-3\"  class=\"panel-grid panel-no-style\" ><div id=\"pgc-423-3-0\"  class=\"panel-grid-cell\" ><div id=\"panel-423-3-0-0\" class=\"so-panel widget widget_text panel-first-child\" data-index=\"5\" ><div class=\"contact-widget panel-widget-style panel-widget-style-for-423-3-0-0\" ><h3 class=\"widget-title\">STI\u00daIDE\u00d3 RT\u00c9 R\u00c9IGI\u00daN L\u00c1R T\u00cdRE<\/h3>\t\t\t<div class=\"textwidget\"><p>An Campas Thoir<\/p>\n<p>Institi\u00faid Teicneola\u00edochta<\/p>\n<p>Bhaile \u00c1tha Luain B\u00f3thar<\/p>\n<p>Bhaile \u00c1tha Cliath,<\/p>\n<p>Baile \u00c1tha Luain<\/p>\n<p>Co. na hIarmh\u00ed<\/p>\n<p>T: (090) 6474543<\/p>\n<p>E:\u00a0<a href=\"mailto:athlone@rte.ie\" target=\"_blank\" rel=\"noopener\">athlone@rte.ie<\/a><\/p>\n<\/div>\n\t\t<\/div><\/div><div id=\"panel-423-3-0-1\" class=\"so-panel widget widget_text\" data-index=\"6\" ><div class=\"contact-widget panel-widget-style panel-widget-style-for-423-3-0-1\" ><h3 class=\"widget-title\">STI\u00daIDE\u00d3 RT\u00c9 R\u00c9IGI\u00daN AN DEISCIRT<\/h3>\t\t\t<div class=\"textwidget\"><p>RT\u00c9 Corcaigh<\/p>\n<p>Sr\u00e1id an Athar Maiti\u00fa<\/p>\n<p>Corcaigh<\/p>\n<p>T: (021) 4805805<\/p>\n<p>F: (021) 4273829<\/p>\n<p>E:\u00a0<a href=\"mailto:cork@rte.ie\" target=\"_blank\" rel=\"noopener\">cork@rte.ie<\/a><\/p>\n<\/div>\n\t\t<\/div><\/div><div id=\"panel-423-3-0-2\" class=\"so-panel widget widget_text\" data-index=\"7\" ><div class=\"contact-widget panel-widget-style panel-widget-style-for-423-3-0-2\" ><h3 class=\"widget-title\">STI\u00daIDE\u00d3 RT\u00c9 R\u00c9IGI\u00daN AN OIRTHUAISCIRT<\/h3>\t\t\t<div class=\"textwidget\"><p>Aonad 10<\/p>\n<p>An tIonad Forbartha R\u00e9igi\u00fanach<\/p>\n<p>Institi\u00faid Teicneola\u00edochta Dh\u00fan Dealgan<\/p>\n<p>B\u00f3thar Bhaile \u00c1tha Cliath<\/p>\n<p>D\u00fan Dealgan<\/p>\n<p>Co. L\u00fa<\/p>\n<p>T: (042) 9338414<\/p>\n<p>F: (042) 9389388<\/p>\n<p>E:\u00a0<a href=\"mailto:northeast@rte.ie\">northeast@rte.ie<\/a><\/p>\n<\/div>\n\t\t<\/div><\/div><div id=\"panel-423-3-0-3\" class=\"so-panel widget widget_text\" data-index=\"8\" ><div class=\"contact-widget panel-widget-style panel-widget-style-for-423-3-0-3\" ><h3 class=\"widget-title\">STI\u00daIDE\u00d3 RT\u00c9 R\u00c9IGI\u00daN AN IARTHUAISCIRT<\/h3>\t\t\t<div class=\"textwidget\"><p>&nbsp;<\/p>\n<p>East\u00e1it Tionscl<\/p>\n<p>E:\u00a0<a href=\"mailto:sligo@rte.ie\" target=\"_blank\" rel=\"noopener\">sligo@rte.ie<\/a><\/p>\n<\/div>\n\t\t<\/div><\/div><div id=\"panel-423-3-0-4\" class=\"so-panel widget widget_text\" data-index=\"9\" ><div class=\"contact-widget panel-widget-style panel-widget-style-for-423-3-0-4\" ><h3 class=\"widget-title\">Nuacht\u2008RT\u00c9<\/h3>\t\t\t<div class=\"textwidget\"><p>Baile na hAbhann,<br \/>\nConamara,<br \/>\nCo. Na Gaillimhe<br \/>\nP: (091) 505 067<br \/>\nF: (091) 505 005<\/p>\n<\/div>\n\t\t<\/div><\/div><div id=\"panel-423-3-0-5\" class=\"so-panel widget widget_text\" data-index=\"10\" ><div class=\"contact-widget panel-widget-style panel-widget-style-for-423-3-0-5\" ><h3 class=\"widget-title\">RT\u00c9 Raidi\u00f3 na Gaeltachta &#8211; Baile na nGall<\/h3>\t\t\t<div class=\"textwidget\"><p>Tr\u00e1 L\u00ed<br \/>\nCo. Chiarra\u00ed<br \/>\nP: +353 66 9155114<\/p>\n<\/div>\n\t\t<\/div><\/div><div id=\"panel-423-3-0-6\" class=\"so-panel widget widget_text\" data-index=\"11\" ><div class=\"contact-widget panel-widget-style panel-widget-style-for-423-3-0-6\" ><h3 class=\"widget-title\">RT\u00c9 AN BHRUIS\u00c9IL<\/h3>\t\t\t<div class=\"textwidget\"><p>Avenue du Diamant 95,<\/p>\n<p>1030 Brussels<\/p>\n<p>An Bheilg<br \/>\nP: (00322) 7353349<br \/>\nF: (00322) 7357621<br \/>\nE:\u00a0<a href=\"mailto:foreign@rte.ie\">foreign@rte.ie<\/a><\/p>\n<\/div>\n\t\t<\/div><\/div><div id=\"panel-423-3-0-7\" class=\"so-panel widget widget_text panel-last-child\" data-index=\"12\" ><div class=\"contact-widget panel-widget-style panel-widget-style-for-423-3-0-7\" ><h3 class=\"widget-title\">RT\u00c9 LONDAIN<\/h3>\t\t\t<div class=\"textwidget\"><p>c\/o Channel 4 Newsroom,<\/p>\n<p>200 Gray\u2019s Inn Road,<\/p>\n<p>London WC1X 8XZ,<\/p>\n<p>An R\u00edocht Aontaithe<br \/>\nP: + 44 (0) 207 430 4759<\/p>\n<\/div>\n\t\t<\/div><\/div><\/div><div id=\"pgc-423-3-1\"  class=\"panel-grid-cell\" ><div id=\"panel-423-3-1-0\" class=\"so-panel widget widget_text panel-first-child\" data-index=\"13\" ><div class=\"contact-widget panel-widget-style panel-widget-style-for-423-3-1-0\" ><h3 class=\"widget-title\">RT\u00c9 TUAISCEART \u00c9IREANN<\/h3>\t\t\t<div class=\"textwidget\"><p>Centrepoint<\/p>\n<p>24 Ascal Ormeau<\/p>\n<p>BT2 8hs<br \/>\nP: (048) 9032 6441<br \/>\nF: (048) 9033 2222<br \/>\nE:\u00a0<a href=\"mailto:newsbelfast@rte.ie\" target=\"_blank\" rel=\"noopener\">newsbelfast@rte.ie<\/a><\/p>\n<\/div>\n\t\t<\/div><\/div><div id=\"panel-423-3-1-1\" class=\"so-panel widget widget_text\" data-index=\"14\" ><div class=\"contact-widget panel-widget-style panel-widget-style-for-423-3-1-1\" ><h3 class=\"widget-title\">STI\u00daIDE\u00d3 RT\u00c9 R\u00c9IGI\u00daN AN IARTHAIR<\/h3>\t\t\t<div class=\"textwidget\"><div><span class=\"Y2IQFc\" lang=\"ga\">Sti\u00faideo R\u00e9igi\u00fanach an Iarthair\u00a0<\/span>RT\u00c9<\/div>\n<div><\/div>\n<div>Cluain Mhuire<\/div>\n<div>B\u00f3thar Wellpark<\/div>\n<div>Gaillimh<\/div>\n<div>H91\u00a0HKP8<\/div>\n<div><\/div>\n<div>Teil: 091 768701<\/div>\n<div>R\u00edomhphost: galway@rte.ie<\/div>\n<div>\n<div><\/div>\n<\/div>\n<\/div>\n\t\t<\/div><\/div><div id=\"panel-423-3-1-2\" class=\"so-panel widget widget_text\" data-index=\"15\" ><div class=\"contact-widget panel-widget-style panel-widget-style-for-423-3-1-2\" ><h3 class=\"widget-title\">STI\u00daIDE\u00d3 RT\u00c9 R\u00c9IGI\u00daN AN L\u00c1RIARTHAIR<\/h3>\t\t\t<div class=\"textwidget\"><p>Cearn\u00f3g Mhargadh an Arbhair<\/p>\n<p>Sr\u00e1id na Danmhairge<\/p>\n<p>Luimneach<br \/>\nP: (061) 410222<br \/>\nF: (061) 310223<br \/>\nE:\u00a0<a href=\"mailto:limerick@rte.ie\" target=\"_blank\" rel=\"noopener\">limerick@rte.ie<\/a><\/p>\n<\/div>\n\t\t<\/div><\/div><div id=\"panel-423-3-1-3\" class=\"so-panel widget widget_text\" data-index=\"16\" ><div class=\"contact-widget panel-widget-style panel-widget-style-for-423-3-1-3\" ><h3 class=\"widget-title\">STI\u00daIDE\u00d3 RT\u00c9 R\u00c9IGI\u00daN AN OIRDHEISCIRT<\/h3>\t\t\t<div class=\"textwidget\"><p>\u00c1ras Chloch an \u00d3ir,<\/p>\n<p>Institi\u00faid Teicneola\u00edochta Phort L\u00e1irge<\/p>\n<p>Campas Chloch an \u00d3ir,<\/p>\n<p>Seanbh\u00f3thar Chill Mh\u00edod\u00e1in,<\/p>\n<p>Port L\u00e1irge<br \/>\nP: 051 873027<br \/>\nE:\u00a0<a href=\"mailto:waterford@rte.ie\" target=\"_blank\" rel=\"noopener\">waterford@rte.ie<\/a><\/p>\n<\/div>\n\t\t<\/div><\/div><div id=\"panel-423-3-1-4\" class=\"so-panel widget widget_text\" data-index=\"17\" ><div class=\"contact-widget panel-widget-style panel-widget-style-for-423-3-1-4\" ><h3 class=\"widget-title\">RT\u00c9 RAIDI\u00d3 NA GAELTACHTA \u2013 CASLA<\/h3>\t\t\t<div class=\"textwidget\"><p>Casla,<\/p>\n<p>Conamara,<\/p>\n<p>Gaillimh.<br \/>\nP: +353 91 506677<\/p>\n<\/div>\n\t\t<\/div><\/div><div id=\"panel-423-3-1-5\" class=\"so-panel widget widget_text\" data-index=\"18\" ><div class=\"contact-widget panel-widget-style panel-widget-style-for-423-3-1-5\" ><h3 class=\"widget-title\">RT\u00c9 Raidi\u00f3 na Gaeltachta &#8211; Doir\u00ed Beaga<\/h3>\t\t\t<div class=\"textwidget\"><p>Leitir Ceanainn<br \/>\nCo. Dh\u00fan na nGall<br \/>\nP: +353 74 9531244<\/p>\n<\/div>\n\t\t<\/div><\/div><div id=\"panel-423-3-1-6\" class=\"so-panel widget widget_text panel-last-child\" data-index=\"19\" ><div class=\"contact-widget panel-widget-style panel-widget-style-for-423-3-1-6\" ><h3 class=\"widget-title\">RT\u00c9 WASHINGTON<\/h3>\t\t\t<div class=\"textwidget\"><p>RT\u00c9 News,<\/p>\n<p>2000 M Street Nw,<\/p>\n<p>Suite 315,<\/p>\n<p>Washington DC,<\/p>\n<p>20036,<\/p>\n<p>St\u00e1it Aontaithe Mheirice\u00e1<br \/>\nP: (001202) 467-5933<br \/>\nF: (001202) 2475937<br \/>\nE:\u00a0<a href=\"mailto:washington@rte.ie\">washington@rte.ie<\/a><\/p>\n<\/div>\n\t\t<\/div><\/div><\/div><\/div><\/div>","protected":false},"excerpt":{"rendered":"<p>RT\u00c9, Domhnach Broc, Baile \u00c1tha Cliath\u00a0 4 P: (01) 2083111 F: (01) 2083080 R: ceaptar seoladh r\u00edomhphoist bhall foirne de chuid RT\u00c9 de r\u00e9ir na foirmle seo a leanas: firstname.surname@rte.ie\u00a0eg.\u00a0joe.bloggs@rte.ie T\u00e1 baill foirne Oifig Eolais RT\u00c9 ar f\u00e1il chun aon cheist ghinear\u00e1lta a bheadh agat faoi chl\u00e1ir n\u00f3 faoi sheirbh\u00eds\u00ed RT\u00c9 a fhreagairt. F\u00e1ilt\u00edonn an [&hellip;]<\/p>\n","protected":false},"author":3,"featured_media":0,"parent":0,"menu_order":0,"comment_status":"closed","ping_status":"closed","template":"","meta":{"footnotes":"","_links_to":"","_links_to_target":""},"class_list":["post-423","page","type-page","status-publish"],"_links":{"self":[{"href":"https:\/\/about.rte.ie\/contact\/wp-json\/wp\/v2\/pages\/423","targetHints":{"allow":["GET"]}}],"collection":[{"href":"https:\/\/about.rte.ie\/contact\/wp-json\/wp\/v2\/pages"}],"about":[{"href":"https:\/\/about.rte.ie\/contact\/wp-json\/wp\/v2\/types\/page"}],"author":[{"embeddable":true,"href":"https:\/\/about.rte.ie\/contact\/wp-json\/wp\/v2\/users\/3"}],"replies":[{"embeddable":true,"href":"https:\/\/about.rte.ie\/contact\/wp-json\/wp\/v2\/comments?post=423"}],"version-history":[{"count":0,"href":"https:\/\/about.rte.ie\/contact\/wp-json\/wp\/v2\/pages\/423\/revisions"}],"wp:attachment":[{"href":"https:\/\/about.rte.ie\/contact\/wp-json\/wp\/v2\/media?parent=423"}],"curies":[{"name":"wp","href":"https:\/\/api.w.org\/{rel}","templated":true}]}}