{"id":430,"date":"2019-06-20T10:13:34","date_gmt":"2019-06-20T09:13:34","guid":{"rendered":"https:\/\/about.rte.ie\/contact\/?page_id=430"},"modified":"2019-07-30T12:34:09","modified_gmt":"2019-07-30T11:34:09","slug":"studio-facilities","status":"publish","type":"page","link":"https:\/\/about.rte.ie\/contact\/studio-facilities\/","title":{"rendered":"Studio Facilities"},"content":{"rendered":"<p><strong>For all studio enquiries:&nbsp;<\/strong><\/p>\n<p>Call: + 353 1 208 3372 or&nbsp;E-mail :&nbsp;<a href=\"mailto:ppcradio@rte.ie\">ppcradio@rte.ie<\/a><\/p>\n<p><strong>Hire of Production Facilities Terms &amp; Conditions<\/strong><\/p>\n<p>The Terms and Conditions that are set out below should be read in conjunction with the Quotation Letter from RT\u00c9 to you as the Hirer and together they form the Agreement between RT\u00c9 and the Hirer for the hire and use of production resources during the period of hire (as detailed in the Quotation Letter).<\/p>\n<p>The Hirer acknowledges and agrees that it has read the terms and conditions set out here prior to countersigning the Quotation Letter.<\/p>\n<p>1<strong>.&nbsp;<\/strong>Any changes to the agreed staffing levels, hours of hire, equipment or other provisions set out in the Quotation Letter shall only be permissible if agreed in writing by the Hirer and RT\u00c9. Any additional costs that may apply as a result of any such changes or variations shall be charged accordingly to the Hirer unless otherwise agreed.<\/p>\n<p>2. The Hirer acknowledges that the price and payment terms in respect of the resources being made available to the Hirer by RT\u00c9 shall be specified in the Quotation Letter. The Hirer agrees to pay to RT\u00c9 the monies set out in the Quotation Letter including where applicable VAT at the appropriate rate.<\/p>\n<p>3. The Hirer agrees that it shall pay the first instalment of the amount specified on or before the first day of hire with the final instalment being due within 28 days of the end of the relevant period of hire. RT\u00c9 reserves the right to terminate the Agreement in the event that the Hirer fails to make payment in accordance with these terms. In the event that the final payment is not made by the end of the relevant period (as specified in the Quotation Letter), RT\u00c9 shall charge interest on the relevant sums outstanding at the annual rate of 2% above DIBOR.<\/p>\n<p>4. The Hirer agrees that it shall notify RT\u00c9 promptly in the event that it has any concerns or queries with regard to the services and\/or facilities being provided by RT\u00c9 hereunder and RT\u00c9 shall use its reasonable endeavours to address such concerns.<\/p>\n<p>5. The Hirer acknowledges that where RT\u00c9 employees are made available to it, that the employees shall be treated with dignity and respect and that the Hirer shall ensure that it complies with terms and conditions that pertain to their employment within RT\u00c9 including (but not limited to) entitlement to meal breaks.<\/p>\n<p>6. RT\u00c9 shall use all reasonable endeavours to provide named individuals to the Hirer for a commission. In the event that such named individuals are not available, RT\u00c9 reserves the right to replace such individuals with alternative suitably qualified personnel.<\/p>\n<p>7. The Hirer shall ensure that it complies with RT\u00c9 Health and Safety Guidelines (a copy of which is available upon request from RT\u00c9). This shall include,where relevant, set design and construction and limits on the use of mist within the studio complex.<\/p>\n<p>8. The Hirer shall ensure that it complies with RT\u00c9 security procedures which RT\u00c9 shall notify to the Hirer in advance. In the event that RT\u00c9 Security passes are required by the Hirer or its employees, the Hirer agrees that same shall be returned promptly upon the expiry of the relevant period of hire.<\/p>\n<p>9. The Hirer shall ensure that RT\u00c9 is provided with relevant financial information when applying for credit terms e.g. trade references and\/or direct debit mandates.<\/p>\n<p>10. In the event that the Hirer wishes to purchase specific items from RT\u00c9 in the course of this Agreement, it is agreed that ownership and title in any such goods shall remain with RT\u00c9 until final payment has been received.<\/p>\n<p>11. The Hirer shall be responsible for public liability insurance concerning any of its own employees and the Hirer shall where relevant ensure that its employees exercise due care and skill in the use of RT\u00c9 equipment and facilities being made available to the Hirer hereunder.<\/p>\n<p>12. RT\u00c9\u2019s entire liability for any damage or loss caused directly by the improper performance or non-performance by RT\u00c9 of its obligations under this Agreement shall not exceed an amount equal to amount set out in the Quotation Letter. In any event, RT\u00c9 shall not be liable, in contract, tort (including negligence or breach of statutory duty) or otherwise, howsoever, and whatever the cause thereof (i) for any increased costs or expenses, (ii) for any loss of profit, business, contracts, revenues, or anticipated savings, or (iii) for any special, indirect or consequential damage or loss of any nature whatsoever, arising out of this Agreement.<\/p>\n<p>13. The Hirer shall not make any reference to RT\u00c9 in any advertising, promotional or published material without the prior approval of RT\u00c9.<\/p>\n<p>14. The Hirer shall ensure that its agent (s)shall comply with these terms and conditions.&nbsp;<\/p>\n<p>15. Neither party shall be liable for any delay in performing or failing to perform obligations if the delay or failure results from events or circumstances outside their reasonable control. For the avoidance of doubt these events or circumstances include defaults of suppliers or subcontractors, trade disputes and government regulations.<\/p>\n<p>16. Either party may terminate this Agreement with immediate effect by notice in writing where (a) the other party is in breach of this Agreement and such breach is incapable of remedy or (b) the other party is in breach of the contract but fails to remedy within 14 days of written notice of default or (c) either party becomes insolvent or is unable to pay its debts as they fall due. This clause shall not prejudice the right of either party to take legal action in the event of non-payment or non-performance of its duties.<\/p>\n<p>17. This Agreement is governed by the laws of Ireland and the parties hereby submit to the jurisdiction of the courts of Ireland.<\/p>\n<p><\/p>\n\n\n<p><\/p>\n","protected":false},"excerpt":{"rendered":"<p>For all studio enquiries:&nbsp; Call: + 353 1 208 3372 or&nbsp;E-mail :&nbsp;ppcradio@rte.ie Hire of Production Facilities Terms &amp; Conditions The Terms and Conditions that are set out below should be read in conjunction with the Quotation Letter from RT\u00c9 to you as the Hirer and together they form the Agreement between RT\u00c9 and the Hirer [&hellip;]<\/p>\n","protected":false},"author":6,"featured_media":0,"parent":0,"menu_order":0,"comment_status":"closed","ping_status":"closed","template":"","meta":{"footnotes":"","_links_to":"","_links_to_target":""},"class_list":["post-430","page","type-page","status-publish"],"_links":{"self":[{"href":"https:\/\/about.rte.ie\/contact\/wp-json\/wp\/v2\/pages\/430","targetHints":{"allow":["GET"]}}],"collection":[{"href":"https:\/\/about.rte.ie\/contact\/wp-json\/wp\/v2\/pages"}],"about":[{"href":"https:\/\/about.rte.ie\/contact\/wp-json\/wp\/v2\/types\/page"}],"author":[{"embeddable":true,"href":"https:\/\/about.rte.ie\/contact\/wp-json\/wp\/v2\/users\/6"}],"replies":[{"embeddable":true,"href":"https:\/\/about.rte.ie\/contact\/wp-json\/wp\/v2\/comments?post=430"}],"version-history":[{"count":0,"href":"https:\/\/about.rte.ie\/contact\/wp-json\/wp\/v2\/pages\/430\/revisions"}],"wp:attachment":[{"href":"https:\/\/about.rte.ie\/contact\/wp-json\/wp\/v2\/media?parent=430"}],"curies":[{"name":"wp","href":"https:\/\/api.w.org\/{rel}","templated":true}]}}