{"id":563,"date":"2019-06-20T10:13:34","date_gmt":"2019-06-20T09:13:34","guid":{"rendered":"https:\/\/about.rte.ie\/contact\/?page_id=563"},"modified":"2021-05-21T12:49:39","modified_gmt":"2021-05-21T11:49:39","slug":"fograiocht-ar-rte","status":"publish","type":"page","link":"https:\/\/about.rte.ie\/contact\/ie\/fograiocht-ar-rte\/","title":{"rendered":"F\u00f3gra\u00edocht ar RT\u00c9"},"content":{"rendered":"<p>F\u00e1ilte go dt\u00ed D\u00edolach\u00e1n Me\u00e1in Chumars\u00e1ide RT\u00c9 (RT\u00c9 Media Sales). T\u00e1 an roinn seo leagtha amach ionas go gcuid\u00edtear leat plean\u00e1il a dh\u00e9anamh maidir le teachtaireacht a chur trasna ar an lucht f\u00e9achana agus \u00e9isteachta is fairsinge ar mhargadh Teilif\u00edse, Raidi\u00f3, Me\u00e1in Chl\u00f3ite agus Ar L\u00edne na h\u00c9ireann.<\/p>\n<p>Go hachomair, tugann\u00a0<a href=\"https:\/\/mediasales.rte.ie\/\">\u00a0D\u00edolach\u00e1n Me\u00e1in Chumars\u00e1ide<\/a>\u00a0deis do bhranda\u00ed a bheith i gceartl\u00e1r shaol na h\u00c9ireann le RT\u00c9 le:<\/p>\n<p>-\u00c1bhar ardchaighde\u00e1in de chuid na h\u00c9ireann.<\/p>\n<p>-P\u00e1irtn\u00e9ireacht den Nu\u00e1il i r\u00e9imse na Me\u00e1n Cumars\u00e1ide agus na Cruthaitheachta<\/p>\n<p>-Aird Phobal N\u00e1isi\u00fanta (Foinse: RedC 2018)<\/p>\n<p>T\u00e1 eolas ar na beala\u00ed chun sin a dh\u00e9anamh ar f\u00e1il ach\u00a0<a href=\"https:\/\/mediasales.rte.ie\/your-solutions\/\">clice\u00e1il anseo<\/a>.<\/p>\n","protected":false},"excerpt":{"rendered":"<p>F\u00e1ilte go dt\u00ed D\u00edolach\u00e1n Me\u00e1in Chumars\u00e1ide RT\u00c9 (RT\u00c9 Media Sales). T\u00e1 an roinn seo leagtha amach ionas go gcuid\u00edtear leat plean\u00e1il a dh\u00e9anamh maidir le teachtaireacht a chur trasna ar an lucht f\u00e9achana agus \u00e9isteachta is fairsinge ar mhargadh Teilif\u00edse, Raidi\u00f3, Me\u00e1in Chl\u00f3ite agus Ar L\u00edne na h\u00c9ireann. Go hachomair, tugann\u00a0\u00a0D\u00edolach\u00e1n Me\u00e1in Chumars\u00e1ide\u00a0deis do bhranda\u00ed [&hellip;]<\/p>\n","protected":false},"author":100005,"featured_media":0,"parent":0,"menu_order":0,"comment_status":"closed","ping_status":"closed","template":"","meta":{"footnotes":"","_links_to":"","_links_to_target":""},"class_list":["post-563","page","type-page","status-publish"],"_links":{"self":[{"href":"https:\/\/about.rte.ie\/contact\/wp-json\/wp\/v2\/pages\/563","targetHints":{"allow":["GET"]}}],"collection":[{"href":"https:\/\/about.rte.ie\/contact\/wp-json\/wp\/v2\/pages"}],"about":[{"href":"https:\/\/about.rte.ie\/contact\/wp-json\/wp\/v2\/types\/page"}],"author":[{"embeddable":true,"href":"https:\/\/about.rte.ie\/contact\/wp-json\/wp\/v2\/users\/100005"}],"replies":[{"embeddable":true,"href":"https:\/\/about.rte.ie\/contact\/wp-json\/wp\/v2\/comments?post=563"}],"version-history":[{"count":0,"href":"https:\/\/about.rte.ie\/contact\/wp-json\/wp\/v2\/pages\/563\/revisions"}],"wp:attachment":[{"href":"https:\/\/about.rte.ie\/contact\/wp-json\/wp\/v2\/media?parent=563"}],"curies":[{"name":"wp","href":"https:\/\/api.w.org\/{rel}","templated":true}]}}