{"id":564,"date":"2019-06-20T10:13:34","date_gmt":"2019-06-20T09:13:34","guid":{"rendered":"https:\/\/about.rte.ie\/contact\/?page_id=564"},"modified":"2021-05-21T14:10:54","modified_gmt":"2021-05-21T13:10:54","slug":"coimisiunu-neamhspleach-rte","status":"publish","type":"page","link":"https:\/\/about.rte.ie\/contact\/ie\/coimisiunu-neamhspleach-rte\/","title":{"rendered":"Coimisi\u00fan\u00fa Neamhsple\u00e1ch RT\u00c9"},"content":{"rendered":"<p>Eolas maidir le Coimisi\u00fan\u00fa do Theilif\u00eds RT\u00c9 T\u00e1 mioneolas agus treoirl\u00ednte maidir le cl\u00e1ir a choimisi\u00fan\u00fa ar f\u00e1il anseo<\/p>\n<p>Sonra\u00ed comhfhreagrais maidir le hAonad L\u00e9iri\u00fach\u00e1n Neamhsple\u00e1ch RT\u00c9:<\/p>\n<p>Seoladh: L\u00e9iri\u00fach\u00e1n Neamhsple\u00e1ch, Ard\u00e1n 7, RT\u00c9, Domhnach Broc, Baile \u00c1tha Cliath 4<\/p>\n<p>Teileaf\u00f3n: 00 353 1 208 2743 \/ 00 353 1 208 4811 \/ 00 353 1 208 3429<\/p>\n<p>Eolas maidir le Coimisi\u00fan\u00fa do Raidi\u00f3 RT\u00c9<\/p>\n<p>Cuireadh L\u00e9iri\u00fach\u00e1n Neamhsple\u00e1ch Raidi\u00f3 RT\u00c9 ar bun mar gheall ar an Acht Craolach\u00e1in 2009 ar mhaithe le cl\u00e1ir raidi\u00f3 \u00f3 l\u00e9iritheoir\u00ed neamhsple\u00e1cha a choimisi\u00fan\u00fa do RT\u00c9. T\u00e1 eolas maidir le hiarratas a chur faoi bhr\u00e1id ar f\u00e1il ach <a href=\"https:\/\/radio.rte.ie\/irp\/\">clice\u00e1il anseo<\/a>.<\/p>\n<p>Sonra\u00ed comhfhreagrais maidir le L\u00e9iri\u00fach\u00e1n Neamhsple\u00e1ch Raidi\u00f3: R\u00edomhphost: irp@rte.ie Teileaf\u00f3n: 01-208-3442<\/p>\n<p>N\u00f3ta: Leanfaidh Raidi\u00f3 RT\u00c9 de thionscadail raidi\u00f3 ar choimisi\u00fan\u00fa at\u00e1 inghlactha maidir le maoini\u00fa faoin Sc\u00e9im F\u00eds agus Fuaim a eagra\u00edonn \u00dadar\u00e1s Craolach\u00e1in na h\u00c9ireann.<\/p>\n","protected":false},"excerpt":{"rendered":"<p>Eolas maidir le Coimisi\u00fan\u00fa do Theilif\u00eds RT\u00c9 T\u00e1 mioneolas agus treoirl\u00ednte maidir le cl\u00e1ir a choimisi\u00fan\u00fa ar f\u00e1il anseo Sonra\u00ed comhfhreagrais maidir le hAonad L\u00e9iri\u00fach\u00e1n Neamhsple\u00e1ch RT\u00c9: Seoladh: L\u00e9iri\u00fach\u00e1n Neamhsple\u00e1ch, Ard\u00e1n 7, RT\u00c9, Domhnach Broc, Baile \u00c1tha Cliath 4 Teileaf\u00f3n: 00 353 1 208 2743 \/ 00 353 1 208 4811 \/ 00 353 1 [&hellip;]<\/p>\n","protected":false},"author":100005,"featured_media":0,"parent":0,"menu_order":0,"comment_status":"closed","ping_status":"closed","template":"","meta":{"footnotes":"","_links_to":"","_links_to_target":""},"class_list":["post-564","page","type-page","status-publish"],"_links":{"self":[{"href":"https:\/\/about.rte.ie\/contact\/wp-json\/wp\/v2\/pages\/564","targetHints":{"allow":["GET"]}}],"collection":[{"href":"https:\/\/about.rte.ie\/contact\/wp-json\/wp\/v2\/pages"}],"about":[{"href":"https:\/\/about.rte.ie\/contact\/wp-json\/wp\/v2\/types\/page"}],"author":[{"embeddable":true,"href":"https:\/\/about.rte.ie\/contact\/wp-json\/wp\/v2\/users\/100005"}],"replies":[{"embeddable":true,"href":"https:\/\/about.rte.ie\/contact\/wp-json\/wp\/v2\/comments?post=564"}],"version-history":[{"count":0,"href":"https:\/\/about.rte.ie\/contact\/wp-json\/wp\/v2\/pages\/564\/revisions"}],"wp:attachment":[{"href":"https:\/\/about.rte.ie\/contact\/wp-json\/wp\/v2\/media?parent=564"}],"curies":[{"name":"wp","href":"https:\/\/api.w.org\/{rel}","templated":true}]}}