{"id":565,"date":"2019-06-20T10:13:34","date_gmt":"2019-06-20T09:13:34","guid":{"rendered":"https:\/\/about.rte.ie\/contact\/?page_id=565"},"modified":"2021-05-25T17:29:56","modified_gmt":"2021-05-25T16:29:56","slug":"aiseanna-stiuideo","status":"publish","type":"page","link":"https:\/\/about.rte.ie\/contact\/ie\/aiseanna-stiuideo\/","title":{"rendered":"\u00c1iseanna Sti\u00faideo"},"content":{"rendered":"<p>Fiosr\u00fach\u00e1n maidir le Sti\u00faideonna: Teileaf\u00f3n: + 353 1 208 3372 n\u00f3 R\u00edomhphost: <span style=\"text-decoration: underline\">ppcradio@rte.ie<\/span><\/p>\n<p>T\u00e9arma\u00ed agus Coinn\u00edollacha maidir le h\u00c1iseanna L\u00e9iri\u00fach\u00e1in a Fhruili\u00fa<\/p>\n<p>Is ceart na T\u00e9arma\u00ed agus na Coinn\u00edollacha a leagtar amach anseo th\u00edos a l\u00e9amh in \u00e9ineacht leis an Litir Tairisceana \u00f3 RT\u00c9 chugatsa, an Fruilitheoir, agus ar a n-\u00e1ireamh le ch\u00e9ile is ionann iad agus Comhaont\u00fa idir RT\u00c9 agus an Fruilitheoir maidir le hacmhainn\u00ed l\u00e9iri\u00fach\u00e1in a fhruili\u00fa agus a \u00fas\u00e1id ar feadh tr\u00e9imhse fruilithe (mar a shonra\u00edtear go mion sa Litir Tairisceana).<\/p>\n<p>Admha\u00edonn agus aonta\u00edonn an Fruilitheoir gur l\u00e9adh na t\u00e9arma\u00ed agus na coinn\u00edollacha a leagtar amach anseo sula ndearnadh an Litir Tairisceana a chomhsh\u00edni\u00fa.<\/p>\n<p>1. N\u00ed f\u00e9idir aon athr\u00fa ar na leibh\u00e9il foirne, na huaireanta fruilithe, an trealamh n\u00e1 aon fhor\u00e1il eile a leagtar amach sa Litir Tairisceana a dh\u00e9anamh ach amh\u00e1in m\u00e1 aonta\u00edtear an t-athr\u00fa sin i scr\u00edbhinn idir an Fruilitheoir agus RT\u00c9.<\/p>\n<p>D\u00e9anfar aon chostas breise a thagann i gceist de thoradh ar athr\u00fa n\u00f3 leas\u00fa ar bith den chine\u00e1l sin a ghearradh d\u00e1 r\u00e9ir ar an bhFruilitheoir mura n-aonta\u00edtear a mhalairt.<\/p>\n<p>2. Admha\u00edonn an Fruilitheoir go sonr\u00f3far sa Litir Tairisceana an praghas agus na t\u00e9arma\u00ed \u00edoca\u00edochta maidir leis na hacmhainn\u00ed at\u00e1 \u00e1 gcur ar f\u00e1il ag RT\u00c9 don Fhruilitheoir. Aonta\u00edonn an Fruilitheoir an t-airgead, c\u00e1in CBL ar an r\u00e1ta cu\u00ed san \u00e1ireamh sa ch\u00e1s go dtagann sin i gceist, a \u00edoc le RT\u00c9 de r\u00e9ir mar a leagtar amach sa Litir Tairisceana<\/p>\n<p>3. Aonta\u00edonn an Fruilitheoir go nd\u00e9anfar an ch\u00e9ad gh\u00e1la den tsuim shonraithe a \u00edoc ar an gc\u00e9ad l\u00e1 den fhruili\u00fa n\u00f3 roimh an l\u00e1 sin agus beidh an g\u00e1la deireanach dlite laistigh de 28 l\u00e1 de dheireadh a theacht leis an tr\u00e9imhse fruilithe at\u00e1 i gceist. Coime\u00e1dtar de cheart ag RT\u00c9 an Comhaont\u00fa a fhoirceannadh sa ch\u00e1s nach nd\u00e9anann an Fruilitheoir \u00edoca\u00edocht i gcomhr\u00e9ir leis na t\u00e9arma\u00ed seo. Sa<\/p>\n<p>ch\u00e1s nach nd\u00e9antar an \u00edoca\u00edocht deiridh faoi dheireadh na tr\u00e9imhse cu\u00ed (faoi mar a leagtar amach go sonrach sa Litir Tairisceana), gearrfaidh RT\u00c9 \u00fas ar na suimeanna at\u00e1 gan \u00edoc ar r\u00e1ta bliant\u00fail 2% sa bhreis ar an r\u00e1ta DIBOR.<\/p>\n<p>4. Aonta\u00edonn an Fruilitheoir go gcuirfear aon \u00e1bhar buartha n\u00f3 fiosr\u00fach\u00e1n i nd\u00e1il leis na seirbh\u00eds\u00ed agus\/n\u00f3 \u00e1iseanna at\u00e1 \u00e1 gcur ar f\u00e1il ag RT\u00c9 faoi na t\u00e9arma\u00ed agus na coinn\u00edollacha seo in i\u00fal gan mhoill do RT\u00c9 agus d\u00e9anfaidh RT\u00c9 iarrachta\u00ed r\u00e9as\u00fanacha d\u00e9ile\u00e1il le h\u00e1bhar buartha den s\u00f3rt sin.<\/p>\n<p>5. Admha\u00edonn an Fruilitheoir go nd\u00e9anfar, nuair a chuirtear fostaithe de chuid RT\u00c9 ar f\u00e1il don Fhruilitheoir, caitheamh le d\u00ednit agus le meas leis na fostaithe sin agus go gcinnteoidh an Fruilitheoir go gcomhl\u00edontar na t\u00e9arma\u00ed agus na coinn\u00edollacha a bhaineann lena gcuid fosta\u00edochta taobh istigh de RT\u00c9, an teidl\u00edocht maidir le sosanna b\u00e9ile san \u00e1ireamh (c\u00e9 nach i nd\u00e1il leis sin amh\u00e1in \u00e9).<\/p>\n<p>6. D\u00e9anfaidh RT\u00c9 gach iarracht r\u00e9as\u00fanach daoine ainmnithe a chur ar f\u00e1il don Fhruilitheoir maidir le coimisi\u00fan. Sa ch\u00e1s nach mb\u00edonn duine ainmnithe den s\u00f3rt sin ar f\u00e1il, coime\u00e1dtar de cheart ag RT\u00c9 duine eile at\u00e1 c\u00e1ilithe go cu\u00ed a chur ar f\u00e1il in ionad an duine ainmnithe.<\/p>\n<p>7. Cinnteoidh an Fruilitheoir go nd\u00e9antar de r\u00e9ir Threoirl\u00ednte Sl\u00e1inte agus S\u00e1bh\u00e1ilteachta RT\u00c9 (t\u00e1 c\u00f3ip ar f\u00e1il ach a iarraidh ar RT\u00c9). Tiocfaidh san \u00e1ireamh leis sin, nuair a bhaineann le h\u00e1bhar, dearadh seite, t\u00f3g\u00e1il seite agus teorainn leis an \u00fas\u00e1id as \u00e1bhar ceobhr\u00e1in taobh istigh d&#8217;\u00e1ras na sti\u00faideonna.<\/p>\n<p>8. Cinnteoidh an Fruilitheoir go nd\u00e9antar de r\u00e9ir ghn\u00e1is sl\u00e1nd\u00e1la RT\u00c9 agus cuirfidh RT\u00c9 na gn\u00e1is sin in i\u00fal don Fhruilitheoir roimh r\u00e9. Sa ch\u00e1s go mb\u00edonn g\u00e1 ag an bhFruilitheoir n\u00f3 ag fostaithe de chuid an Fhruilitheora le pasanna Sl\u00e1nd\u00e1la de chuid RT\u00c9, aonta\u00edonn an Fruilitheoir go dtabharfar iad sin ar ais go pras ar dheireadh a theacht leis an tr\u00e9imhse fruilithe at\u00e1 i gceist.<\/p>\n<p>9. Cinnteoidh an Fruilitheoir go gcuirtear an fhaisn\u00e9is airgeadais a bhaineann le h\u00e1bhar ar f\u00e1il do RT\u00c9 nuair a bh\u00edtear ag cur isteach ar th\u00e9arma\u00ed creidmheasa e.g. tagairt\u00ed tr\u00e1d\u00e1la agus\/n\u00f3 sainord\u00fa maidir le dochar d\u00edreach.<\/p>\n<p>10. Sa ch\u00e1s gur mian leis an bhFruilitheoir m\u00edreanna sonracha a cheannach \u00f3 RT\u00c9 le linn r\u00e9 feidhme an Chomhaontaithe seo, aonta\u00edtear gur le RT\u00c9 \u00fain\u00e9ireacht agus teideal ar earra\u00ed ar bith den s\u00f3rt sin go dt\u00ed go mb\u00edonn an \u00edoca\u00edocht deiridh faighte.<\/p>\n<p>11. Beidh an Fruilitheoir freagrach as \u00e1rachas dliteanais phoibl\u00ed maidir le haon fhosta\u00ed de chuid an Fhruilitheora f\u00e9in agus cinnteoidh an Fruilitheoir, de r\u00e9ir mar a bhaineann le h\u00e1bhar, go n-oibr\u00edonn fostaithe an Fhruilitheora leis an gc\u00faram cu\u00ed agus an scil chu\u00ed maidir le h\u00fas\u00e1id a bhaint as trealamh agus \u00e1iseanna de chuid RT\u00c9 a chuirtear ar f\u00e1il don Fhruilitheoir faoi na T\u00e9arma\u00ed agus na Coinn\u00edollacha seo.<\/p>\n<p>12. N\u00ed bheidh RT\u00c9, maidir le haon dam\u00e1iste n\u00f3 aon chaillteanas a eascra\u00edonn go d\u00edreach \u00f3 mh\u00edfheidhmi\u00fa n\u00f3 neamhfheidhmi\u00fa RT\u00c9 i nd\u00e1il leis na dualgais at\u00e1 ar RT\u00c9 faoin gComhaont\u00fa seo, faoi dhliteanas ioml\u00e1n is m\u00f3 n\u00e1 suim at\u00e1 cothrom le suim a leagtar amach sa Litir Tairisceana. In aon ch\u00e1s ar bith, n\u00ed bheidh RT\u00c9 faoi dhliteanas, i gc\u00farsa\u00ed conartha n\u00e1 i dtort (faill\u00ed n\u00f3 s\u00e1r\u00fa ar dhualgas faoin reachta\u00edocht san \u00e1ireamh) n\u00e1 eile, ar bhealach ar bith, agus cib\u00e9 c\u00fais at\u00e1 leis (i) maidir le haon ard\u00fa ar chostas n\u00e1 ar chaiteachas, (ii) maidir le haon chaillteanas brab\u00fais, gn\u00f3, conartha\u00ed, ioncaim n\u00f3 coigiltis r\u00e9amh-mheasta, n\u00e1 (iii) maidir le haon dam\u00e1iste speisialta, ind\u00edreach n\u00f3 iarmhartach n\u00e1 caillteanas de sh\u00f3rt ar bith, a eascra\u00edonn \u00f3n gComhaont\u00fa seo.<\/p>\n<p>13. N\u00ed dh\u00e9anfaidh an Fruilitheoir tagairt ar bith do RT\u00c9 in aon \u00e1bhar f\u00f3gra\u00edochta, bolscaireachta n\u00f3 foilseach\u00e1in gan cead roimh r\u00e9 \u00f3 RT\u00c9.<\/p>\n<p>14. Cinnteoidh an Fruilitheoir go gclo\u00edonn gach gn\u00edomhaire de chuid an Fhruilitheora leis na t\u00e9arma\u00ed agus leis na coinn\u00edollacha seo.<\/p>\n<p>15. N\u00ed bheidh p\u00e1irt\u00ed ar bith faoi dhliteanas maidir le moill n\u00e1 mainneachtain i gcomhl\u00edonadh dualgais m\u00e1s de thoradh ar eachtra\u00ed n\u00f3 c\u00fains\u00ed nach bhfuil faoi smacht an ph\u00e1irt\u00ed go r\u00e9as\u00fanach a tharla\u00edonn an mhoill n\u00f3 an neamhchomhl\u00edonadh. De ghr\u00e1 \u00e9iginnteacht a sheachaint, \u00e1ir\u00edtear le heachtra\u00ed n\u00f3 c\u00fains\u00ed den s\u00f3rt sin mainneachtain i gc\u00e1s sol\u00e1thraithe n\u00f3 fochonraitheoir\u00ed, aighneas tr\u00e1d\u00e1la agus rialach\u00e1n rialtais.<\/p>\n<p>16. Is f\u00e9idir le haon cheann de na p\u00e1irtithe an Comhaont\u00fa a fhoirceannadh le h\u00e9ifeacht l\u00e1ithreach tr\u00ed fh\u00f3gra i scr\u00edbhinn a thabhairt sa ch\u00e1s go bhfuil (a) an Comhaont\u00fa seo \u00e1 sh\u00e1r\u00fa ag an bp\u00e1irt\u00ed eile agus nach f\u00e9idir an s\u00e1r\u00fa sin a leigheas n\u00f3 go bhfuil (b) an comhaont\u00fa \u00e1 sh\u00e1r\u00fa ag an bp\u00e1irt\u00ed eile agus nach gcuireann an p\u00e1irt\u00ed sin an c\u00e1s ina cheart laistigh de 14 l\u00e1 \u00f3 thugtar f\u00f3gra i scr\u00edbhinn maidir leis an s\u00e1r\u00fa n\u00f3 (c) go dtagann aon cheann de na p\u00e1irtithe chun bheith d\u00f3cmhainneach n\u00f3 nach mb\u00edonn p\u00e1irt\u00ed in acmhainn fiacha a \u00edoc nuair a bh\u00edonn sin dlite. N\u00ed dh\u00e9antar dochar leis an gcl\u00e1s\u00e1l seo do cheart aon cheann de na p\u00e1irtithe caingean dl\u00ed a thionscnamh sa ch\u00e1s go dtarla\u00edonn neamh\u00edoca\u00edocht n\u00f3 neamhchomhl\u00edonadh dualgais.<\/p>\n<p>17. Tagann an Comhaont\u00fa seo faoi rial\u00fa dhl\u00ed na h\u00c9ireann agus g\u00e9illeann na p\u00e1irtithe leis seo do dhl\u00ednse ch\u00fairteanna na h\u00c9ireann.<\/p>\n\n\n<p><\/p>\n","protected":false},"excerpt":{"rendered":"<p>Fiosr\u00fach\u00e1n maidir le Sti\u00faideonna: Teileaf\u00f3n: + 353 1 208 3372 n\u00f3 R\u00edomhphost: ppcradio@rte.ie T\u00e9arma\u00ed agus Coinn\u00edollacha maidir le h\u00c1iseanna L\u00e9iri\u00fach\u00e1in a Fhruili\u00fa Is ceart na T\u00e9arma\u00ed agus na Coinn\u00edollacha a leagtar amach anseo th\u00edos a l\u00e9amh in \u00e9ineacht leis an Litir Tairisceana \u00f3 RT\u00c9 chugatsa, an Fruilitheoir, agus ar a n-\u00e1ireamh le ch\u00e9ile is ionann [&hellip;]<\/p>\n","protected":false},"author":100005,"featured_media":0,"parent":0,"menu_order":0,"comment_status":"closed","ping_status":"closed","template":"","meta":{"footnotes":"","_links_to":"","_links_to_target":""},"class_list":["post-565","page","type-page","status-publish"],"_links":{"self":[{"href":"https:\/\/about.rte.ie\/contact\/wp-json\/wp\/v2\/pages\/565","targetHints":{"allow":["GET"]}}],"collection":[{"href":"https:\/\/about.rte.ie\/contact\/wp-json\/wp\/v2\/pages"}],"about":[{"href":"https:\/\/about.rte.ie\/contact\/wp-json\/wp\/v2\/types\/page"}],"author":[{"embeddable":true,"href":"https:\/\/about.rte.ie\/contact\/wp-json\/wp\/v2\/users\/100005"}],"replies":[{"embeddable":true,"href":"https:\/\/about.rte.ie\/contact\/wp-json\/wp\/v2\/comments?post=565"}],"version-history":[{"count":0,"href":"https:\/\/about.rte.ie\/contact\/wp-json\/wp\/v2\/pages\/565\/revisions"}],"wp:attachment":[{"href":"https:\/\/about.rte.ie\/contact\/wp-json\/wp\/v2\/media?parent=565"}],"curies":[{"name":"wp","href":"https:\/\/api.w.org\/{rel}","templated":true}]}}