{"id":583,"date":"2021-05-25T17:01:24","date_gmt":"2021-05-25T16:01:24","guid":{"rendered":"https:\/\/about.rte.ie\/contact\/?page_id=583"},"modified":"2021-05-25T17:28:46","modified_gmt":"2021-05-25T16:28:46","slug":"aiseolas","status":"publish","type":"page","link":"https:\/\/about.rte.ie\/contact\/ie\/aiseolas\/","title":{"rendered":"Aiseolas"},"content":{"rendered":"<p>Cuireann Oifig Eolais RT\u00c9 eolas ginear\u00e1lta faoi RT\u00c9 agus faoi \u00e1bhar agus faoi sheirbh\u00eds\u00ed RT\u00c9 ar f\u00e1il don phobal chomh maith le glacadh le tuairim\u00ed an phobail faoin \u00e1bhar agus faoi na seirbh\u00eds\u00ed ar an bhf\u00f3n agus ar an r\u00edomhphost. Maidir le heolas faoi RT\u00c9, seoltar teachtaireacht r\u00edomhphoist le do thoil chuig info@rte.ie n\u00f3 cuirtear glao ar an uimhir (01) 2083434. Chun aiseolas a lua, seoltar teachtaireacht r\u00edomhphoist le do thoil chuig feedback@rte.ie n\u00f3 cuirtear glao ar an uimhir (01) 2083434.<\/p>\n<p>M\u00e1 t\u00e1 tuairim tugtha agat ar chl\u00e1ir n\u00f3 ar sheirbh\u00eds\u00ed RT\u00c9, glactar bu\u00edochas leat. B\u00edonn f\u00e1ilte roimh thuairim\u00ed agus beidh do chuidse san \u00e1ireamh i Leabhar Lucht F\u00e9achana agus \u00c9isteachta RT\u00c9 a chuirtear faoi bhr\u00e1id an lucht bainist\u00edochta sinseara\u00ed maidir le cl\u00e1ir gach seachtain.<\/p>\n<p>N\u00ed dh\u00e9anann an Oifig Eolais aon obair riarach\u00e1in maidir le gear\u00e1in. M\u00e1s mian leat gear\u00e1n a dh\u00e9anamh, seol teachtaireacht r\u00edomhphoist chuig complaints@rte.ie. Tugtar cuntas ioml\u00e1n ar phr\u00f3iseas Gear\u00e1in RT\u00c9 anseo.<\/p>\n<p>N\u00ed chuireann Oifig Eolais RT\u00c9 glaonna ar aghaidh; is ar Oifig F\u00e1ilte RT\u00c9 at\u00e1 an c\u00faram ina leith sin agus is f\u00e9idir glaoch ar (01) 2083111.<\/p>\n<p>Tugtar chun aire nach f\u00e9idir, mar gheall ar an l\u00edon m\u00f3r teachtaireachta\u00ed r\u00edomhphoist a fhaightear in Oifig Eolais RT\u00c9, freagra a chur ar gach ceann acu. Seoltar le do thoil tuairim\u00ed ar bith at\u00e1 d\u00edrithe ar chl\u00e1r at\u00e1 \u00e1 chraoladh beo chuig an gcl\u00e1r sin go d\u00edreach tr\u00ed na sonra\u00ed comhfhreagrais a luaitear ar leathanach gr\u00e9as\u00e1in an chl\u00e1ir a \u00fas\u00e1id. D\u00e9anfar freagra a chur ar gach fiosr\u00fa agus iarratas eile taobh istigh de roinnt bheag laethanta. Is f\u00e9idir freisin glaoch ar Oifig Eolais RT\u00c9 ag an uimhir 01 208 3434.<\/p>\n","protected":false},"excerpt":{"rendered":"<p>Cuireann Oifig Eolais RT\u00c9 eolas ginear\u00e1lta faoi RT\u00c9 agus faoi \u00e1bhar agus faoi sheirbh\u00eds\u00ed RT\u00c9 ar f\u00e1il don phobal chomh maith le glacadh le tuairim\u00ed an phobail faoin \u00e1bhar agus faoi na seirbh\u00eds\u00ed ar an bhf\u00f3n agus ar an r\u00edomhphost. Maidir le heolas faoi RT\u00c9, seoltar teachtaireacht r\u00edomhphoist le do thoil chuig info@rte.ie n\u00f3 cuirtear [&hellip;]<\/p>\n","protected":false},"author":11,"featured_media":0,"parent":0,"menu_order":0,"comment_status":"closed","ping_status":"closed","template":"","meta":{"footnotes":"","_links_to":"","_links_to_target":""},"class_list":["post-583","page","type-page","status-publish"],"_links":{"self":[{"href":"https:\/\/about.rte.ie\/contact\/wp-json\/wp\/v2\/pages\/583","targetHints":{"allow":["GET"]}}],"collection":[{"href":"https:\/\/about.rte.ie\/contact\/wp-json\/wp\/v2\/pages"}],"about":[{"href":"https:\/\/about.rte.ie\/contact\/wp-json\/wp\/v2\/types\/page"}],"author":[{"embeddable":true,"href":"https:\/\/about.rte.ie\/contact\/wp-json\/wp\/v2\/users\/11"}],"replies":[{"embeddable":true,"href":"https:\/\/about.rte.ie\/contact\/wp-json\/wp\/v2\/comments?post=583"}],"version-history":[{"count":0,"href":"https:\/\/about.rte.ie\/contact\/wp-json\/wp\/v2\/pages\/583\/revisions"}],"wp:attachment":[{"href":"https:\/\/about.rte.ie\/contact\/wp-json\/wp\/v2\/media?parent=583"}],"curies":[{"name":"wp","href":"https:\/\/api.w.org\/{rel}","templated":true}]}}