{"id":584,"date":"2021-05-28T10:28:32","date_gmt":"2021-05-28T09:28:32","guid":{"rendered":"https:\/\/about.rte.ie\/contact\/?page_id=584"},"modified":"2021-05-28T10:28:32","modified_gmt":"2021-05-28T09:28:32","slug":"oifig-eolais-rte","status":"publish","type":"page","link":"https:\/\/about.rte.ie\/contact\/ie\/oifig-eolais-rte\/","title":{"rendered":"Oifig Eolais RT\u00c9"},"content":{"rendered":"<p>T\u00e1 Oifig Eolais RT\u00c9 ar f\u00e1il chun freagra a thabhairt ar aon cheist ghinear\u00e1lta a bheadh agat faoi chl\u00e1ir agus faoi sheirbh\u00eds\u00ed RT\u00c9 agus b\u00edonn f\u00e1ilte roimh thuairim\u00ed agus roimh aiseolas faoi chl\u00e1ir agus faoi sheirbh\u00eds\u00ed RT\u00c9.<\/p>\n<p>D\u00e9antar tuairim\u00ed a luaitear le foireann Oifig Eolais RT\u00c9 a bhreacadh i Leabhar Lucht F\u00e9achana agus \u00c9isteachta RT\u00c9. Cuirtear an leabhar sin faoi bhr\u00e1id lucht bainist\u00edochta sinsearach na gcl\u00e1r in RT\u00c9 gach seachtain.<\/p>\n<p><span style=\"text-decoration: underline\">N\u00f3ta<\/span>: N\u00edl aon bhaint ag Oifig Eolais RT\u00c9 le gn\u00f3tha\u00ed eagarth\u00f3ireachta maidir le cl\u00e1ir, rud a chialla\u00edonn:<\/p>\n<ul>\n<li>Nach f\u00e9idir le ball foirne san Oifig Eolais brost\u00fa le glao is mian leat a dh\u00e9anamh ar chl\u00e1r at\u00e1 \u00e1 chraoladh beo. M\u00e1s mian leat go l\u00e9if\u00ed do chuid tuairim\u00ed amach ar an aer, tuairim a thabhairt faoin \u00e1bhar at\u00e1 \u00e1 phl\u00e9, n\u00f3 p\u00e1irt a ghlacadh i gcl\u00e1r, n\u00ed m\u00f3r duit teagmh\u00e1il a dh\u00e9anamh leis an gcl\u00e1r go d\u00edreach tr\u00ed na sonra\u00ed comhfhreagrais a chuireann foireann an chl\u00e1ir ar f\u00e1il a \u00fas\u00e1id.<\/li>\n<\/ul>\n<ul>\n<li>Nach f\u00e9idir le ball foirne san Oifig Eolais achain\u00ed a dh\u00e9anamh le foireann cl\u00e1ir maidir le h\u00e1bhar le pl\u00e9. Sa ch\u00e1s gur mhaith leat go bpl\u00e9if\u00ed \u00e1bhar faoi leith ar chl\u00e1r, n\u00ed m\u00f3r duit teagmh\u00e1il a dh\u00e9anamh le lucht an chl\u00e1ir go d\u00edreach.* Cuirfidh baill foirne Oifig Eolais RT\u00c9 sonra\u00ed comhfhreagrais maidir leis an gcl\u00e1r ar f\u00e1il m\u00e1s g\u00e1.<\/li>\n<\/ul>\n<ul>\n<li>Ba cheart preasr\u00e1iteas \/ \u00e1bhar bolscaireachta a sheoladh chuig an gcl\u00e1r go d\u00edreach.<\/li>\n<\/ul>\n<p><strong>Uaireanta Oscailte<\/strong><\/p>\n<p>Luan \u2013 Aoine, 10.00 r.n. \u2013 5.30 i.n. (Ach amh\u00e1in Laethanta Saoire Poibl\u00ed &amp; Laethanta Saoire Bainc)<\/p>\n<p>Sonra\u00ed Comhfhreagrais T: (01) 2083434 n\u00f3 R: info@rte.ie<\/p>\n<p>Is f\u00e9idir freisin glao a chur taobh amuigh d&#8217;uaireanta oibre na hoifige agus teachtaireacht gutha a fh\u00e1g\u00e1il. Cuirfear glao ar ais ort an l\u00e1 oibre d\u00e1r gcionn.<\/p>\n<p><strong>Ceisteanna Coitianta<\/strong><\/p>\n<p>Conas a dh\u00e9antar gear\u00e1n faoi chl\u00e1r? Is ceart gear\u00e1n faoi chl\u00e1r a chur faoi bhr\u00e1id i scr\u00edbhinn agus i gcomhr\u00e9ir le treoirl\u00ednte an \u00dadar\u00e1is Craolach\u00e1in. Tugtar eolas n\u00edos mine anseo.<\/p>\n<p>Conas is f\u00e9idir cur isteach ar thaith\u00ed oibre le RT\u00c9? B\u00edonn l\u00edon \u00e1irithe socr\u00fach\u00e1in taith\u00ed oibre ar f\u00e1il in RT\u00c9 ag Dalta\u00ed na hIdirbhliana i rith mh\u00ed Feabhra agus mh\u00ed M\u00e1rta gach bliain. D\u00e9anann RT\u00c9 d\u00e9ile\u00e1il go d\u00edreach le scoileanna ina leith sin agus n\u00ed dh\u00e9antar d\u00e9ile\u00e1il le dalta\u00ed. Ba ch\u00f3ir, d\u00e1 bhr\u00ed sin, do dhalta\u00ed mionsonra\u00ed a iarraidh ar Chomhordaitheoir na hIdirbhliana sa scoil. N\u00ed bh\u00edonn tr\u00e9imhs\u00ed taith\u00ed oibre n\u00e1 int\u00e9irneachta ar f\u00e1il in RT\u00c9. Tugtar chun aire nach f\u00e9idir leis an Oifig Eolais d\u00e9ile\u00e1il le CV n\u00e1 le ceisteanna maidir le saol oibre i r\u00e9imse na me\u00e1n cumars\u00e1ide. Seo an seoladh r\u00edomhphoist maidir le hAcmhainn\u00ed Daonna RT\u00c9: <span style=\"text-decoration: underline\">hrss@rte.ie<\/span><\/p>\n<p>Chonaic\/chuala m\u00e9 cl\u00e1r ar RT\u00c9. Conas is f\u00e9idir c\u00f3ip de a fh\u00e1il ar dhiosca DVD n\u00f3 ar dhiosca CD? Is f\u00e9idir c\u00f3ipeanna de chl\u00e1ir teilif\u00edse agus d\u2019\u00e1bhar as an gcartlann a iarraidh ar l\u00edne \u00f3 RT\u00c9 Archive Sales. B\u00edonn t\u00e1ille i gceist maidir leis an tseirbh\u00eds sin. Sa ch\u00e1s go mbeadh c\u00f3ip de chl\u00e1r Raidi\u00f3 de chuid RT\u00c9 \u00e1 lorg, seo an seoladh r\u00edomhphoist is ceart a \u00fas\u00e1id: tapes@rte.ie. B\u00edonn t\u00e1ille aistri\u00fach\u00e1in i gceist le gach c\u00f3ip chomh maith le t\u00e9arma\u00ed agus coinn\u00edollacha.<\/p>\n<p>Conas is f\u00e9idir tic\u00e9id a fh\u00e1il chun a bheith sa lucht f\u00e9achana? Maidir le hiarratas a dh\u00e9anamh a bheith p\u00e1irteach i gcl\u00e1r de chuid RT\u00c9 n\u00f3 a bheith ar dhuine den lucht f\u00e9achana, f\u00e9ach an chuid den su\u00edomh idirl\u00edn maidir le Rannph\u00e1irt\u00edocht an Lucht F\u00e9achana agus \u00c9isteachta anseo.<\/p>\n","protected":false},"excerpt":{"rendered":"<p>T\u00e1 Oifig Eolais RT\u00c9 ar f\u00e1il chun freagra a thabhairt ar aon cheist ghinear\u00e1lta a bheadh agat faoi chl\u00e1ir agus faoi sheirbh\u00eds\u00ed RT\u00c9 agus b\u00edonn f\u00e1ilte roimh thuairim\u00ed agus roimh aiseolas faoi chl\u00e1ir agus faoi sheirbh\u00eds\u00ed RT\u00c9. D\u00e9antar tuairim\u00ed a luaitear le foireann Oifig Eolais RT\u00c9 a bhreacadh i Leabhar Lucht F\u00e9achana agus \u00c9isteachta RT\u00c9. [&hellip;]<\/p>\n","protected":false},"author":11,"featured_media":0,"parent":0,"menu_order":0,"comment_status":"closed","ping_status":"closed","template":"","meta":{"footnotes":"","_links_to":"","_links_to_target":""},"class_list":["post-584","page","type-page","status-publish"],"_links":{"self":[{"href":"https:\/\/about.rte.ie\/contact\/wp-json\/wp\/v2\/pages\/584","targetHints":{"allow":["GET"]}}],"collection":[{"href":"https:\/\/about.rte.ie\/contact\/wp-json\/wp\/v2\/pages"}],"about":[{"href":"https:\/\/about.rte.ie\/contact\/wp-json\/wp\/v2\/types\/page"}],"author":[{"embeddable":true,"href":"https:\/\/about.rte.ie\/contact\/wp-json\/wp\/v2\/users\/11"}],"replies":[{"embeddable":true,"href":"https:\/\/about.rte.ie\/contact\/wp-json\/wp\/v2\/comments?post=584"}],"version-history":[{"count":0,"href":"https:\/\/about.rte.ie\/contact\/wp-json\/wp\/v2\/pages\/584\/revisions"}],"wp:attachment":[{"href":"https:\/\/about.rte.ie\/contact\/wp-json\/wp\/v2\/media?parent=584"}],"curies":[{"name":"wp","href":"https:\/\/api.w.org\/{rel}","templated":true}]}}