{"id":587,"date":"2021-05-28T10:28:14","date_gmt":"2021-05-28T09:28:14","guid":{"rendered":"https:\/\/about.rte.ie\/contact\/?page_id=587"},"modified":"2021-05-28T10:28:15","modified_gmt":"2021-05-28T09:28:15","slug":"ionad-failte-rte","status":"publish","type":"page","link":"https:\/\/about.rte.ie\/contact\/ie\/ionad-failte-rte\/","title":{"rendered":"Ionad F\u00e1ilte RT\u00c9"},"content":{"rendered":"<p>RT\u00c9, Domhnach Broc, Baile \u00c1tha Cliath 4<\/p>\n<p><strong>Teacht ar Phr\u00edomh-mhalart\u00e1n RT\u00c9<\/strong><\/p>\n<p>Teil: (01) 208 3111 Faics: (01) 208 3080<\/p>\n<p>M\u00e1 t\u00e1 uimhir fol\u00edne an duine lenar mian leat labhairt ar eolas agat, br\u00faigh an r\u00e9amhuimhir 208 agus an uimhir fol\u00edne ina dhiaidh sin.<\/p>\n<p>R\u00edomhphost a sheoladh chuig RT\u00c9 M\u00e1 t\u00e1 ainm agus sloinne an duine ar eolas agat ar mian leat teachtaireacht r\u00edomhphoist a chur chuige n\u00f3 chuici, is f\u00e9idir leas a bhaint as an bhfoirmle seo a leanas: <span style=\"text-decoration: underline\">ainm.sloinne@rte.ie<\/span> e.g. <span style=\"text-decoration: underline\">joe.bloggs@rte.ie<\/span>.<\/p>\n<p><strong>Fiosr\u00fa Ginear\u00e1lta\/Eolas faoi Chl\u00e1ir<\/strong><\/p>\n<p>Is f\u00e9idir labhairt le hOifig Eolais RT\u00c9 ar an uimhir theileaf\u00f3in n\u00f3 teachtaireacht r\u00edomhphoist a sheoladh chuig info@rte.ie. B\u00edonn an oifig ar oscailt \u00f3n 10.00 r.n. go dt\u00ed an 5.30 i.n. \u00f3 Luan go hAoine taobh amuigh de Laethanta Saoire Poibl\u00ed agus de Laethanta Saoire Bainc. Is f\u00e9idir glao a chur taobh amuigh d&#8217;uaireanta oifige chomh maith agus teachtaireacht gutha a fh\u00e1g\u00e1il. Cuirfear glaoch ar ais ort an l\u00e1 oibre d\u00e1r gcionn. T\u00e1 breis eolais ar f\u00e1il ach <a href=\"https:\/\/about.rte.ie\/contact\/complaints\/\">clice\u00e1il anseo<\/a>.<\/p>\n<p>Gear\u00e1n a dh\u00e9anamh le RT\u00c9 T\u00e1 pr\u00f3iseas ar bun ag RT\u00c9 maidir le d\u00e9ile\u00e1il le gear\u00e1in. T\u00e1 breis eolais ar f\u00e1il ach <a href=\"https:\/\/about.rte.ie\/contact\/complaints\/\">clice\u00e1il anseo<\/a>.<\/p>\n<p>Tuairisc a thabhairt ar fhadhb maidir le RT\u00c9 Player Is f\u00e9idir teachtaireacht a chur chuig foireann an RT\u00c9 Player ag an seoladh r\u00edomhphoist <span style=\"text-decoration: underline\">playerfeedback@rte.ie<\/span><\/p>\n<p><span style=\"text-decoration: underline\">N\u00f3ta<\/span>: Moltar na Ceisteanna Coitianta maidir le RT\u00c9 Player a l\u00e9amh sula seoltar tuairisc ar fhadhb \u00f3 tharla go bhf\u00e9adfadh treoir maidir leis an gceist at\u00e1 agat a bheith ar f\u00e1il ansin. <a href=\"https:\/\/www.rte.ie\/player\/en_IE\/profile\/faq\">Clice\u00e1il anseo<\/a> maidir le Ceisteanna Coitianta faoin RT\u00c9 Player<\/p>\n<p>Is f\u00e9idir teachtaireacht a chur chuig foireann an RT\u00c9 Radio Player ag an seoladh r\u00edomhphoist <span style=\"text-decoration: underline\">radioplayer@rte.ie<\/span><\/p>\n<p><strong>Comhfhreagras le RT\u00c9 Online<\/strong><\/p>\n<p>RT\u00c9 News Online: Sa ch\u00e1s go mbaineann fiosr\u00fa le h\u00e1bhar ar RT\u00c9 News Online n\u00f3 le sruthchraoladh beo ar chl\u00e1ir nuachta, seoltar teachtaireacht chuig <span style=\"text-decoration: underline\">newsonline@rte.ie<\/span><\/p>\n<p>RT\u00c9 Sport Online: Sa ch\u00e1s go mbaineann fiosr\u00fa le h\u00e1bhar ar RT\u00c9 Sport Online n\u00f3 le sruthchraoladh beo ar chl\u00e1ir nuachta, seoltar teachtaireacht chuig <span style=\"text-decoration: underline\">sportonline@rte.ie<\/span><\/p>\n","protected":false},"excerpt":{"rendered":"<p>RT\u00c9, Domhnach Broc, Baile \u00c1tha Cliath 4 Teacht ar Phr\u00edomh-mhalart\u00e1n RT\u00c9 Teil: (01) 208 3111 Faics: (01) 208 3080 M\u00e1 t\u00e1 uimhir fol\u00edne an duine lenar mian leat labhairt ar eolas agat, br\u00faigh an r\u00e9amhuimhir 208 agus an uimhir fol\u00edne ina dhiaidh sin. R\u00edomhphost a sheoladh chuig RT\u00c9 M\u00e1 t\u00e1 ainm agus sloinne an duine [&hellip;]<\/p>\n","protected":false},"author":11,"featured_media":0,"parent":0,"menu_order":0,"comment_status":"closed","ping_status":"closed","template":"","meta":{"footnotes":"","_links_to":"","_links_to_target":""},"class_list":["post-587","page","type-page","status-publish"],"_links":{"self":[{"href":"https:\/\/about.rte.ie\/contact\/wp-json\/wp\/v2\/pages\/587","targetHints":{"allow":["GET"]}}],"collection":[{"href":"https:\/\/about.rte.ie\/contact\/wp-json\/wp\/v2\/pages"}],"about":[{"href":"https:\/\/about.rte.ie\/contact\/wp-json\/wp\/v2\/types\/page"}],"author":[{"embeddable":true,"href":"https:\/\/about.rte.ie\/contact\/wp-json\/wp\/v2\/users\/11"}],"replies":[{"embeddable":true,"href":"https:\/\/about.rte.ie\/contact\/wp-json\/wp\/v2\/comments?post=587"}],"version-history":[{"count":0,"href":"https:\/\/about.rte.ie\/contact\/wp-json\/wp\/v2\/pages\/587\/revisions"}],"wp:attachment":[{"href":"https:\/\/about.rte.ie\/contact\/wp-json\/wp\/v2\/media?parent=587"}],"curies":[{"name":"wp","href":"https:\/\/api.w.org\/{rel}","templated":true}]}}