{"id":589,"date":"2021-05-25T17:55:27","date_gmt":"2021-05-25T16:55:27","guid":{"rendered":"https:\/\/about.rte.ie\/contact\/?page_id=589"},"modified":"2021-05-28T10:27:22","modified_gmt":"2021-05-28T09:27:22","slug":"solathar-rte","status":"publish","type":"page","link":"https:\/\/about.rte.ie\/contact\/ie\/solathar-rte\/","title":{"rendered":"Sol\u00e1thar RT\u00c9"},"content":{"rendered":"\n<p>Is \u00e9 cusp\u00f3ir at\u00e1 le polasa\u00ed agus gn\u00e1sanna ceannach\u00e1in RT\u00c9 na hearra\u00ed agus na seirbh\u00eds\u00ed&nbsp;at\u00e1 de dh\u00edth ar RT\u00c9 a fh\u00e1il ar na t\u00e9arma\u00ed agus na praghsanna is m\u00f3 bunt\u00e1iste, agus sin i gcomhr\u00e9ir le treoirl\u00ednte agus treoracha na hearn\u00e1la poibl\u00ed&nbsp;agus an AE.<\/p>\n\n\n\n<p><strong>R\u00e1iteas faoi Pholasa\u00ed&nbsp;Sol\u00e1thair RT\u00c9<\/strong><\/p>\n\n\n\n<p>T\u00e1 RT\u00c9 tugtha don r\u00e9imse is fairsinge d\u2019\u00e1bhar agus de sheirbh\u00eds\u00ed ardchaighde\u00e1in a chur ar f\u00e1il ar chostas r\u00e9as\u00fanta do dhaoine de gach aoisghr\u00fapa, r\u00e9imse sp\u00e9ise agus pobal.&nbsp; (F\u00e9ach RT\u00c9 Aisling Misean Luachanna). T\u00e1 bunt\u00e1bhacht d\u00e1 r\u00e9ir sin le luach an airgid a ghn\u00f3th\u00fa agus saothar, sol\u00e1thairt\u00ed n\u00f3 seirbh\u00eds\u00ed \u00e1 sol\u00e1thar ionas gur f\u00e9idir leis an eagra\u00edocht seirbh\u00eds ardchaighde\u00e1in a chur ar f\u00e1il don phobal ar bhealach at\u00e1 \u00e9ifeachtach agus \u00e9ifeacht\u00fail \u00f3 thaobh costais.&nbsp; Clo\u00edonn RT\u00c9 le reachta\u00edocht Sol\u00e1thair an AE agus leis na Treoirl\u00ednte Sol\u00e1thair at\u00e1 foilsithe ag an Roinn Airgeadais in \u00c9irinn.&nbsp; Oibiacht\u00falacht, follasacht, cothroime agus comhionannas i mbun d\u00e9ile\u00e1la na bunphrionsabail.<\/p>\n\n\n\n<p>B\u00edonn socruithe airgid ina gceangal ar RT\u00c9 agus n\u00ed fol\u00e1ir d\u00e1 bhr\u00ed sin gach socr\u00fa a \u00fadar\u00fa agus a fheidhmi\u00fa i gcomhr\u00e9ir go hioml\u00e1n le Polasa\u00ed agus Gn\u00e1sanna Oibre RT\u00c9 agus leis an gc\u00f3ras inmhe\u00e1nach don rial\u00e1il airgeadais.<\/p>\n\n\n\n<p><a href=\"https:\/\/about.rte.ie\/wp-content\/uploads\/2019\/07\/RTE-standard-project-terms-and-conditions-Dec-2018.pdf\">Clice\u00e1iltear anseo maidir le T\u00e9arma\u00ed &amp; Coinn\u00edollacha Caighde\u00e1nacha Tionscadail RT\u00c9 Nollaig 2018.<\/a><\/p>\n\n\n\n<p><a href=\"https:\/\/about.rte.ie\/wp-content\/uploads\/2019\/07\/RTE-standard-general-purchasing-terms-and-conditions-Dec-2018.pdf\">Clice\u00e1iltear anseo maidir le T\u00e9arma\u00ed &amp; Coinn\u00edollacha Caighde\u00e1nacha Ginear\u00e1lta Ceannach\u00e1in RT\u00c9 Nollaig 2018.<\/a><\/p>\n\n\n\n<p>Sonra\u00ed Comhfhreagrais<\/p>\n\n\n\n<p>Eamonn Reid<\/p>\n\n\n\n<p>Ceannasa\u00ed Sol\u00e1thair<\/p>\n\n\n\n<p>+353 1 208 2276<\/p>\n\n\n\n<p><a href=\"mailto:eamonn.reid@rte.ie\">eamonn.reid@rte.ie<\/a><\/p>\n\n\n\n<p>Maidir le fiosr\u00fach\u00e1in ghinear\u00e1lta, seoltar teachtaireacht r\u00edomhphost chuig:&nbsp;<a href=\"mailto:purchasing@rte.ie\">purchasing@rte.ie<\/a><\/p>\n","protected":false},"excerpt":{"rendered":"<p>Is \u00e9 cusp\u00f3ir at\u00e1 le polasa\u00ed agus gn\u00e1sanna ceannach\u00e1in RT\u00c9 na hearra\u00ed agus na seirbh\u00eds\u00ed&nbsp;at\u00e1 de dh\u00edth ar RT\u00c9 a fh\u00e1il ar na t\u00e9arma\u00ed agus na praghsanna is m\u00f3 bunt\u00e1iste, agus sin i gcomhr\u00e9ir le treoirl\u00ednte agus treoracha na hearn\u00e1la poibl\u00ed&nbsp;agus an AE. R\u00e1iteas faoi Pholasa\u00ed&nbsp;Sol\u00e1thair RT\u00c9 T\u00e1 RT\u00c9 tugtha don r\u00e9imse is fairsinge d\u2019\u00e1bhar [&hellip;]<\/p>\n","protected":false},"author":11,"featured_media":0,"parent":0,"menu_order":0,"comment_status":"closed","ping_status":"closed","template":"","meta":{"footnotes":"","_links_to":"","_links_to_target":""},"class_list":["post-589","page","type-page","status-publish"],"_links":{"self":[{"href":"https:\/\/about.rte.ie\/contact\/wp-json\/wp\/v2\/pages\/589","targetHints":{"allow":["GET"]}}],"collection":[{"href":"https:\/\/about.rte.ie\/contact\/wp-json\/wp\/v2\/pages"}],"about":[{"href":"https:\/\/about.rte.ie\/contact\/wp-json\/wp\/v2\/types\/page"}],"author":[{"embeddable":true,"href":"https:\/\/about.rte.ie\/contact\/wp-json\/wp\/v2\/users\/11"}],"replies":[{"embeddable":true,"href":"https:\/\/about.rte.ie\/contact\/wp-json\/wp\/v2\/comments?post=589"}],"version-history":[{"count":0,"href":"https:\/\/about.rte.ie\/contact\/wp-json\/wp\/v2\/pages\/589\/revisions"}],"wp:attachment":[{"href":"https:\/\/about.rte.ie\/contact\/wp-json\/wp\/v2\/media?parent=589"}],"curies":[{"name":"wp","href":"https:\/\/api.w.org\/{rel}","templated":true}]}}