{"id":592,"date":"2021-05-28T10:27:41","date_gmt":"2021-05-28T09:27:41","guid":{"rendered":"https:\/\/about.rte.ie\/contact\/?page_id=592"},"modified":"2021-05-28T10:27:41","modified_gmt":"2021-05-28T09:27:41","slug":"ticeid-an-lucht-feachana","status":"publish","type":"page","link":"https:\/\/about.rte.ie\/contact\/ie\/ticeid-an-lucht-feachana\/","title":{"rendered":"Tic\u00e9id an Lucht F\u00e9achana"},"content":{"rendered":"<p>Ba bhre\u00e1 le RT\u00c9 d\u00e1 mbeife\u00e1 ar dhuine den lucht f\u00e9achana sa sti\u00faideo n\u00f3 p\u00e1irteach i gceann de na cl\u00e1ir.<\/p>\n<p>D\u00e1 mba mhaith leat eolas breise a fh\u00e1il faoina bheith sa lucht f\u00e9achana don chl\u00e1r teilif\u00edse is ansa leat, p\u00e1irteach i d&#8217;iomaitheoir, i gcl\u00e1r n\u00f3 p\u00e1irteach i gcl\u00e1r ar bhealach eile, <a href=\"https:\/\/www.rte.ie\/tv\/audience-participation\/\">clice\u00e1il anseo le do thoil<\/a>.<\/p>\n<p>&nbsp;<\/p>\n","protected":false},"excerpt":{"rendered":"<p>Ba bhre\u00e1 le RT\u00c9 d\u00e1 mbeife\u00e1 ar dhuine den lucht f\u00e9achana sa sti\u00faideo n\u00f3 p\u00e1irteach i gceann de na cl\u00e1ir. D\u00e1 mba mhaith leat eolas breise a fh\u00e1il faoina bheith sa lucht f\u00e9achana don chl\u00e1r teilif\u00edse is ansa leat, p\u00e1irteach i d&#8217;iomaitheoir, i gcl\u00e1r n\u00f3 p\u00e1irteach i gcl\u00e1r ar bhealach eile, clice\u00e1il anseo le do [&hellip;]<\/p>\n","protected":false},"author":11,"featured_media":0,"parent":0,"menu_order":0,"comment_status":"closed","ping_status":"closed","template":"","meta":{"footnotes":"","_links_to":"","_links_to_target":""},"class_list":["post-592","page","type-page","status-publish"],"_links":{"self":[{"href":"https:\/\/about.rte.ie\/contact\/wp-json\/wp\/v2\/pages\/592","targetHints":{"allow":["GET"]}}],"collection":[{"href":"https:\/\/about.rte.ie\/contact\/wp-json\/wp\/v2\/pages"}],"about":[{"href":"https:\/\/about.rte.ie\/contact\/wp-json\/wp\/v2\/types\/page"}],"author":[{"embeddable":true,"href":"https:\/\/about.rte.ie\/contact\/wp-json\/wp\/v2\/users\/11"}],"replies":[{"embeddable":true,"href":"https:\/\/about.rte.ie\/contact\/wp-json\/wp\/v2\/comments?post=592"}],"version-history":[{"count":0,"href":"https:\/\/about.rte.ie\/contact\/wp-json\/wp\/v2\/pages\/592\/revisions"}],"wp:attachment":[{"href":"https:\/\/about.rte.ie\/contact\/wp-json\/wp\/v2\/media?parent=592"}],"curies":[{"name":"wp","href":"https:\/\/api.w.org\/{rel}","templated":true}]}}