{"id":7,"date":"2017-09-04T13:44:27","date_gmt":"2017-09-04T12:44:27","guid":{"rendered":"https:\/\/about.rte.ie\/contact\/?page_id=7"},"modified":"2024-05-02T14:33:16","modified_gmt":"2024-05-02T13:33:16","slug":"feedback-complaints","status":"publish","type":"page","link":"https:\/\/about.rte.ie\/contact\/feedback-complaints\/","title":{"rendered":"Your Feedback\/Do Aiseolas"},"content":{"rendered":"<p><span class=\"x_xxnormaltextrun\">Your\u00a0<\/span><span class=\"x_xmark856923swm\">feedback<\/span><span class=\"x_xxnormaltextrun\"> is important to us, is treated confidentially and is considered for inclusion in RT\u00c9\u2019s weekly Audience Log which is circulated to senior managers in RT\u00c9, including programme makers, and shared at weekly editorial meetings. Your <\/span><span class=\"x_xmark856923swm\">feedback<\/span><span class=\"x_xxnormaltextrun\">\u00a0is also shared with programme teams outside of this process, as appropriate.<\/span><span class=\"x_xxbcx0\">\u00a0<\/span><br \/>\n<span class=\"x_xxbcx0\">\u00a0<\/span><br \/>\n<span class=\"x_xxnormaltextrun\">However, due to the volume of emails received,\u00a0<\/span><span style=\"text-decoration: underline\"><span class=\"x_xmark856923swm\">feedback<\/span><\/span><span class=\"x_xxnormaltextrun\"><span style=\"text-decoration: underline\">@rte.ie<\/span> does not respond to individual comments.<\/span><span class=\"x_xxbcx0\">\u00a0<\/span><br \/>\n<span class=\"x_xxbcx0\">\u00a0<\/span><br \/>\n<span class=\"x_xxnormaltextrun\">If you have a query about our programmes and services please email <span style=\"text-decoration: underline\">info@rte.ie<\/span>.<\/span><span class=\"x_xxbcx0\">\u00a0<\/span><br \/>\n<span class=\"x_xxbcx0\">\u00a0<\/span><br \/>\n<span class=\"x_xxnormaltextrun\">If you wish to make a formal complaint, please see details regarding RT\u00c9\u2019s Complaints process\u00a0<\/span><a href=\"https:\/\/about.rte.ie\/contact\/complaints\/\" target=\"_blank\" rel=\"noopener noreferrer\" data-linkindex=\"0\"><span class=\"x_xxnormaltextrun\">here:<\/span><\/a><span class=\"x_xxnormaltextrun\">\u00a0<\/span><span class=\"x_xxbcx0\">\u00a0<\/span><br \/>\n<span class=\"x_xxbcx0\">\u00a0<\/span><br \/>\n<span class=\"x_xxnormaltextrun\">Please note that all negative\u00a0<\/span><span class=\"x_xmark856923swm\">feedback<\/span><span class=\"x_xxnormaltextrun\">\u00a0or comments which are not classified as formal complaints are treated as\u00a0<\/span><span class=\"x_xmark856923swm\">feedback<\/span><span class=\"x_xxnormaltextrun\">.<\/span><span class=\"x_xxbcx0\">\u00a0<\/span><br \/>\n<span class=\"x_xxbcx0\">\u00a0<\/span><br \/>\n<span class=\"x_xxnormaltextrun\">Thank you for taking the time to give us your view.<\/span><span class=\"x_xxbcx0\">\u00a0<\/span><br \/>\n<span class=\"x_xxbcx0\">\u00a0<\/span><br \/>\n<strong><span class=\"x_xxnormaltextrun\">RT\u00c9 Information Office<\/span><span class=\"x_xxbcx0\">\u00a0<\/span><\/strong><br \/>\n<strong><span class=\"x_xxbcx0\">\u00a0<\/span><\/strong><br \/>\n<strong><span class=\"x_xxnormaltextrun\">Go\u00a0raibh\u00a0maith\u00a0agat\u00a0as\u00a0teagmh\u00e1il\u00a0a\u00a0dh\u00e9anamh\u00a0le\u00a0<\/span><span class=\"x_xmark856923swm\">feedback<\/span><span class=\"x_xxnormaltextrun\">@rte.ie<\/span><span class=\"x_xxbcx0\">\u00a0<\/span><\/strong><br \/>\n<span class=\"x_xxbcx0\">\u00a0<\/span><br \/>\n<span class=\"x_xxnormaltextrun\">T\u00e1 an t-aiseolas a thugann t\u00fa t\u00e1bhachtach d\u00fainn. Caitear leis mar \u00e1bhar faoi r\u00fan agus socra\u00edtear ar cheart \u00e9 a \u00e1ireamh i Logleabhar seachtaini\u00fail an Lucht F\u00e9achana agus \u00c9isteachta a scaiptear ar bhainisteoir\u00ed sinsearacha in RT\u00c9, lucht d\u00e9anta cl\u00e1r ina measc, agus a roinntear ag cruinnithe seachtaini\u00fala eagarth\u00f3ireachta. D\u00e9antar do chuid aiseolais a roinnt le foirne cl\u00e1r lasmuigh den phr\u00f3iseas seo, de r\u00e9ir mar is cu\u00ed.<\/span><span class=\"x_xxbcx0\">\u00a0<\/span><br \/>\n<span class=\"x_xxbcx0\">\u00a0<\/span><br \/>\n<span class=\"x_xxnormaltextrun\">De\u00a0bharr\u00a0an\u00a0l\u00edon\u00a0m\u00f3r\u00a0r\u00edomhphost\u00a0a\u00a0fhaightear\u00a0n\u00ed\u00a0sheoltar\u00a0freagra\u00ed\u00a0ar\u00a0thuairim\u00ed\u00a0aonair\u00a0\u00f3\u00a0<\/span><span style=\"text-decoration: underline\"><span class=\"x_xmark856923swm\">feedback<\/span><span class=\"x_xxnormaltextrun\">@rte.ie<\/span><\/span><span class=\"x_xxbcx0\">\u00a0<\/span><br \/>\n<span class=\"x_xxbcx0\">\u00a0<\/span><br \/>\n<span class=\"x_xxnormaltextrun\">M\u00e1\u00a0t\u00e1\u00a0ceist\u00a0agat\u00a0faoi\u00a0chl\u00e1ir\u00a0n\u00f3\u00a0seirbh\u00eds\u00ed\u00a0RT\u00c9,\u00a0seol\u00a0r\u00edomhphost\u00a0chuig\u00a0<span style=\"text-decoration: underline\">info@rte.ie<\/span>.<\/span><span class=\"x_xxbcx0\">\u00a0<\/span><br \/>\n<span class=\"x_xxbcx0\">\u00a0<\/span><br \/>\n<span class=\"x_xxnormaltextrun\">M\u00e1s\u00a0mian\u00a0leat\u00a0gear\u00e1n\u00a0foirme\u00e1lta\u00a0a\u00a0dh\u00e9anamh,\u00a0t\u00e1\u00a0sonra\u00ed\u00a0maidir\u00a0le\u00a0Pr\u00f3iseas\u00a0Gear\u00e1n\u00a0RT\u00c9 le\u00a0f\u00e1il\u00a0<\/span><a href=\"https:\/\/about.rte.ie\/contact\/complaints\/\" target=\"_blank\" rel=\"noopener noreferrer\" data-linkindex=\"1\"><span class=\"x_xxnormaltextrun\">anseo<\/span><\/a><span class=\"x_xxnormaltextrun\">.\u00a0<\/span><span class=\"x_xxbcx0\">\u00a0<\/span><br \/>\n<span class=\"x_xxbcx0\">\u00a0<\/span><br \/>\n<span class=\"x_xxnormaltextrun\">Tabhair\u00a0ar\u00a0aird\u00a0go\u00a0gcaithfear\u00a0mar\u00a0aiseolas\u00a0le\u00a0gach\u00a0aiseolas\u00a0n\u00f3\u00a0tuairim\u00ed\u00a0di\u00faltacha\u00a0nach\u00a0ranga\u00edtear\u00a0mar\u00a0ghear\u00e1in\u00a0oifigi\u00fala.<\/span><span class=\"x_xxbcx0\">\u00a0<\/span><br \/>\n<span class=\"x_xxbcx0\">\u00a0<\/span><br \/>\n<span class=\"x_xxnormaltextrun\">Gabhaimid\u00a0bu\u00edochas\u00a0leat\u00a0faoi\u00a0do\u00a0chuid\u00a0tuairim\u00ed\u00a0a\u00a0roinnt\u00a0linn.<\/span><span class=\"x_xxbcx0\">\u00a0<\/span><br \/>\n<span class=\"x_xxbcx0\">\u00a0<\/span><br \/>\n<strong><span class=\"x_xxnormaltextrun\">Oifig\u00a0Eolais\u00a0RT\u00c9<\/span><span class=\"x_xxeop\">\u00a0<\/span><\/strong><\/p>\n","protected":false},"excerpt":{"rendered":"<p>Your\u00a0feedback is important to us, is treated confidentially and is considered for inclusion in RT\u00c9\u2019s weekly Audience Log which is circulated to senior managers in RT\u00c9, including programme makers, and shared at weekly editorial meetings. Your feedback\u00a0is also shared with programme teams outside of this process, as appropriate.\u00a0 \u00a0 However, due to the volume of [&hellip;]<\/p>\n","protected":false},"author":3,"featured_media":0,"parent":0,"menu_order":0,"comment_status":"closed","ping_status":"closed","template":"","meta":{"footnotes":"","_links_to":"","_links_to_target":""},"class_list":["post-7","page","type-page","status-publish"],"_links":{"self":[{"href":"https:\/\/about.rte.ie\/contact\/wp-json\/wp\/v2\/pages\/7","targetHints":{"allow":["GET"]}}],"collection":[{"href":"https:\/\/about.rte.ie\/contact\/wp-json\/wp\/v2\/pages"}],"about":[{"href":"https:\/\/about.rte.ie\/contact\/wp-json\/wp\/v2\/types\/page"}],"author":[{"embeddable":true,"href":"https:\/\/about.rte.ie\/contact\/wp-json\/wp\/v2\/users\/3"}],"replies":[{"embeddable":true,"href":"https:\/\/about.rte.ie\/contact\/wp-json\/wp\/v2\/comments?post=7"}],"version-history":[{"count":0,"href":"https:\/\/about.rte.ie\/contact\/wp-json\/wp\/v2\/pages\/7\/revisions"}],"wp:attachment":[{"href":"https:\/\/about.rte.ie\/contact\/wp-json\/wp\/v2\/media?parent=7"}],"curies":[{"name":"wp","href":"https:\/\/api.w.org\/{rel}","templated":true}]}}