{"id":17,"date":"2016-05-23T15:09:54","date_gmt":"2016-05-23T14:09:54","guid":{"rendered":"http:\/\/localhost\/irp\/?page_id=17"},"modified":"2023-07-11T12:33:28","modified_gmt":"2023-07-11T11:33:28","slug":"home","status":"publish","type":"page","link":"https:\/\/about.rte.ie\/irp\/","title":{"rendered":"Home"},"content":{"rendered":"\n<p><strong>Welcome to RT\u00c9 Independent Radio Productions<\/strong><\/p>\n\n\n\n<div class=\"wp-block-columns is-layout-flex wp-container-core-columns-is-layout-9d6595d7 wp-block-columns-is-layout-flex\">\n<div class=\"wp-block-column is-layout-flow wp-block-column-is-layout-flow\">\n<p><strong>Click <a href=\"https:\/\/about.rte.ie\/irp\/commissioning-specifications\/\">here<\/a> for more details on how to submit to RT\u00c9 IRP<\/strong>.<\/p>\n\n\n\n<p>________________________________________________________________________________<\/p>\n\n\n\n<p>Contact:<\/p>\n\n\n\n<p>Aoife Cassidy<\/p>\n\n\n\n<p>RT\u00c9 Radio Commissions Administrator<\/p>\n\n\n\n<p>Email: irp@rte.ie<\/p>\n\n\n\n<p>Ph. +353 876984810<\/p>\n<\/div>\n<\/div>\n\n\n\n<p><\/p>\n","protected":false},"excerpt":{"rendered":"<p>Welcome to RT\u00c9 Independent Radio Productions Click here for more details on how to submit to RT\u00c9 IRP. ________________________________________________________________________________ Contact: Aoife Cassidy RT\u00c9 Radio Commissions Administrator Email: irp@rte.ie Ph. +353 876984810<\/p>\n","protected":false},"author":100007,"featured_media":7184,"parent":0,"menu_order":0,"comment_status":"closed","ping_status":"closed","template":"","meta":{"footnotes":""},"class_list":["post-17","page","type-page","status-publish","has-post-thumbnail"],"_links":{"self":[{"href":"https:\/\/about.rte.ie\/irp\/wp-json\/wp\/v2\/pages\/17","targetHints":{"allow":["GET"]}}],"collection":[{"href":"https:\/\/about.rte.ie\/irp\/wp-json\/wp\/v2\/pages"}],"about":[{"href":"https:\/\/about.rte.ie\/irp\/wp-json\/wp\/v2\/types\/page"}],"author":[{"embeddable":true,"href":"https:\/\/about.rte.ie\/irp\/wp-json\/wp\/v2\/users\/100007"}],"replies":[{"embeddable":true,"href":"https:\/\/about.rte.ie\/irp\/wp-json\/wp\/v2\/comments?post=17"}],"version-history":[{"count":0,"href":"https:\/\/about.rte.ie\/irp\/wp-json\/wp\/v2\/pages\/17\/revisions"}],"wp:featuredmedia":[{"embeddable":true,"href":"https:\/\/about.rte.ie\/irp\/wp-json\/wp\/v2\/media\/7184"}],"wp:attachment":[{"href":"https:\/\/about.rte.ie\/irp\/wp-json\/wp\/v2\/media?parent=17"}],"curies":[{"name":"wp","href":"https:\/\/api.w.org\/{rel}","templated":true}]}}