{"id":270,"date":"2018-06-11T15:35:39","date_gmt":"2018-06-11T14:35:39","guid":{"rendered":"https:\/\/about.rte.ie\/commissioning\/?page_id=270"},"modified":"2018-06-11T15:35:39","modified_gmt":"2018-06-11T14:35:39","slug":"rte-arts-culture","status":"publish","type":"page","link":"https:\/\/about.rte.ie\/radio\/commissioning-briefs\/rte-arts-culture\/","title":{"rendered":"RT\u00c9 Arts &amp; Culture"},"content":{"rendered":"<p>RT\u00c9 Arts and Culture Commissioning Brief The central vision for RT\u00c9 Arts and Culture 2018-2022 is that RT\u00c9 renews and reimagines its approach to Arts and culture and creates content that involves and impacts on a large cross section of Irish audiences. RT\u00c9 Strategy 2018-2022<\/p>\n<p>For the next two years\u00a02018-2020,\u00a0 I am looking for ideas that:<\/p>\n<ul>\n<li>Reflect and comment on contemporary life in Ireland and beyond.<\/li>\n<li>Demonstrate shows and series that have the potential to form an ongoing relationship with audiences and return each season.<\/li>\n<li>Provide major cross platform events.<\/li>\n<li><span style=\"font-size: inherit\">Find new, young, and emerging talent, more and better representation of women&#8217;s voices and talent, greater inclusion of Ireland&#8217;s minorities and better representation of culture from all across Ireland.<\/span><\/li>\n<\/ul>\n","protected":false},"excerpt":{"rendered":"<p>RT\u00c9 Arts and Culture Commissioning Brief The central vision for RT\u00c9 Arts and Culture 2018-2022 is that RT\u00c9 renews and reimagines its approach to Arts and culture and creates content that involves and impacts on a large cross section of Irish audiences. RT\u00c9 Strategy 2018-2022 For the next two years\u00a02018-2020,\u00a0 I am looking for ideas [&hellip;]<\/p>\n","protected":false},"author":3,"featured_media":310,"parent":11,"menu_order":0,"comment_status":"closed","ping_status":"closed","template":"page-templates\/page-commissioning-brief.php","meta":{"footnotes":""},"class_list":["post-270","page","type-page","status-publish","has-post-thumbnail"],"_links":{"self":[{"href":"https:\/\/about.rte.ie\/radio\/wp-json\/wp\/v2\/pages\/270","targetHints":{"allow":["GET"]}}],"collection":[{"href":"https:\/\/about.rte.ie\/radio\/wp-json\/wp\/v2\/pages"}],"about":[{"href":"https:\/\/about.rte.ie\/radio\/wp-json\/wp\/v2\/types\/page"}],"author":[{"embeddable":true,"href":"https:\/\/about.rte.ie\/radio\/wp-json\/wp\/v2\/users\/3"}],"replies":[{"embeddable":true,"href":"https:\/\/about.rte.ie\/radio\/wp-json\/wp\/v2\/comments?post=270"}],"version-history":[{"count":0,"href":"https:\/\/about.rte.ie\/radio\/wp-json\/wp\/v2\/pages\/270\/revisions"}],"up":[{"embeddable":true,"href":"https:\/\/about.rte.ie\/radio\/wp-json\/wp\/v2\/pages\/11"}],"wp:featuredmedia":[{"embeddable":true,"href":"https:\/\/about.rte.ie\/radio\/wp-json\/"}],"wp:attachment":[{"href":"https:\/\/about.rte.ie\/radio\/wp-json\/wp\/v2\/media?parent=270"}],"curies":[{"name":"wp","href":"https:\/\/api.w.org\/{rel}","templated":true}]}}