{"id":271,"date":"2018-06-11T15:35:50","date_gmt":"2018-06-11T14:35:50","guid":{"rendered":"https:\/\/about.rte.ie\/commissioning\/?page_id=271"},"modified":"2018-06-11T15:35:50","modified_gmt":"2018-06-11T14:35:50","slug":"rte-claracha-gaeilge","status":"publish","type":"page","link":"https:\/\/about.rte.ie\/radio\/commissioning-briefs\/rte-claracha-gaeilge\/","title":{"rendered":"RT\u00c9 Claracha Gaeilge"},"content":{"rendered":"<p><strong>CL\u00c1RACHA GAEILGE COMMISSIONING BRIEF\u00a0<\/strong><\/p>\n<p>T\u00e1 forbairt shuntasach d\u00e9anta le blianta beaga anuas ar an r\u00e9imse cl\u00e1r at\u00e1 dh\u00e1 choimisi\u00fan\u00fa ag Rann\u00f3g na gCl\u00e1r Gaeilge, ag t\u00f3g\u00e1il ar aschur den scoth a l\u00e9ir\u00edtear go hinmhe\u00e1nach le sraitheanna agus togra\u00ed aon-uaire \u00f3n earn\u00e1il neamhsple\u00e1ch.<\/p>\n<p>I measc na gCl\u00e1racha Gaeilge le d\u00e9ana\u00ed, bh\u00ed sraitheanna seanbhunaithe ar n\u00f3s &#8216;Scannal&#8217; agus &#8216;Cloch le Carn&#8217;, chomh maith le sraitheanna nua-fhorbartha ar n\u00f3s \u2018The Geansa\u00ed.\u2019 Sraitheanna ilph\u00e1irte aon cheamara iad seo ar fad a l\u00e9ir\u00edtear in RT\u00c9 agus a thaispe\u00e1ntar de ghn\u00e1th ar an Luan agus an D\u00e9ardaoin ar RT\u00c9 One ag 19:00\/19:30.<\/p>\n<p>T\u00e1 tionscadail nua aon-uaire forbartha go hinmhe\u00e1nach freisin, ar n\u00f3s \u2018Random Acts as Gaeilge\u2019, \u2018Fab Vinny\u2019 agus \u2018An Teorainn.\u2019<\/p>\n<p>Le roinnt blianta anuas, t\u00e1 n\u00edos m\u00f3 togra\u00ed co-l\u00e9ir\u00edthe n\u00f3 co-maoinithe craolta againn, ina measc \u2018GAA Nua\u2019 [BAI], &#8216;O\u00edche na Gaoithe M\u00f3ire&#8217; [BBC N.I.\/ILBF\/BAI], &#8216;Guth na nGael&#8217; [BAI] agus \u2018D\u00f3nal Lunny: Na L\u00ednte Cheoil Ceiltigh\u2019 [BAI].<\/p>\n<p>Cuirtear f\u00e1ilte roimh iarratais uaillmhianacha a thiocfaidh le crit\u00e9ir sc\u00e9im Fuaim agus F\u00eds an BAI, agus s\u00fail ar leith ar an gc\u00e9ad bhabhta eile at\u00e1 ag d\u00fanadh ar an 8 Samhain, 2018.<\/p>\n<p>Ba ch\u00f3ir go mbeadh sc\u00e9alta \u00e1bhartha, t\u00e9agartha agus le carachtair ina gcro\u00ed-l\u00e1r, iad l\u00e9irithe i nGaeilge agus iad tarraingteach do r\u00e9imse leathan den lucht f\u00e9achana. Ba cheart gur sc\u00e9alta sp\u00e9isi\u00fala iad a spreagfaidh caint agus consp\u00f3id, agus ar f\u00e9idir leo l\u00e9argas a thabhairt ar \u00c9ire comhaimseartha i gcomhth\u00e9acs \u00e1r n-oidhreacht &amp; \u00e1r gcult\u00far.<\/p>\n<p>T\u00e1 sp\u00e9is ar leith againn i dtogra\u00ed inar f\u00e9idir gl\u00f3rtha agus aghaidheanna nua a fhorbairt, agus tabharfar \u00e1ird ar leith do thogra\u00ed ina bhfuil gn\u00e9ithe digiteach agus\/n\u00f3<br \/>\nraidi\u00f3 ag baint leo. Is sampla \u00e9 \u2018Random Acts as Gaeilge,\u2019 a d\u00e9anadh go hinmhe\u00e1nach in RT\u00c9, de cur chuige teilif\u00edse a d\u2019oibrigh go digiteach agus go l\u00edneach. Cuirfear f\u00e1ilte roimh thogra\u00ed gur f\u00e9idir a thaispe\u00e1int ar RT\u00c9 One n\u00f3 RT\u00c92.<\/p>\n<p>Cuirtear f\u00e1ilte freisin roimh iarratais bail\u00ed faoi Chiste Craolt\u00f3ireachta Gaeilge at\u00e1 dh\u00e1 re\u00e1cht\u00e1il ag Northern Ireland Screen, iad ag teacht le na haidhmeanna agus spriocanna thuas-luaite, agus le comhph\u00e1irt\u00edochta\u00ed le craolt\u00f3ir\u00ed eile.<br \/>\n***************************************************************************************<br \/>\nThe range of Irish-language programming being commissioned by RT\u00c9 in recent years has developed considerably, with projects from the independent sector building upon the excellent output of the in-house Rann\u00f3g na gCl\u00e1r Gaeilge.<\/p>\n<p>Recent output on RT\u00c9 One from Cl\u00e1racha Gaeilge includes the long-running series &#8216;Scannal&#8217; and &#8216;Cloch Le Carn&#8217;, as well as more recent series such as \u2018The Geansa\u00ed.\u2019 All three are multi-part, single-camera series produced in-house and that now play primarily on Mondays and Thursdays on RT\u00c9 One at 19:00\/19:30<\/p>\n<p>Other in-house projects aired in 2017 included \u2018Random Acts as Gaeilge\u2019, \u2018Fab Vinny\u2019, and \u2018An Teorainn&#8217;<\/p>\n<p>Over the last number of years we have increased the number of co-produced and co-funded projects broadcast, among them \u2018GAA Nua\u2019 [BAI], &#8216;O\u00edche Na Gaoithe M\u00f3ire&#8217; [BBC N.I.\/ILBF\/BAI], &#8216;Guth na nGael&#8217; [BAI] and , and \u2018D\u00f3nal Lunny: Na L\u00ednte Cheoil Ceiltigh\u2019 [BAI].<\/p>\n<p>We welcome ambitious applications that satisfy the BAI\u2019s Sound and Vision scheme criteria, with an eye towards the next round of the scheme, closing on 8 November 2018.<\/p>\n<p>We are looking for projects that deal with aspects of life and living in contemporary Ireland and beyond, that are editorially challenging and that can play outside of traditional Irish language slots in pre-watershed.<\/p>\n<p>Proposals should be relevant, have strong stories and characters at their core, have broad audience appeal and should be produced in the Irish language. The proposals should be built around engaging narratives that stimulate discussion and debate, and that contextualise a contemporary Ireland in the light of culture and heritage.<\/p>\n<p>We are particularly interested in developing fresh faces and new voices, both as programme anchors, authors or contributors, and special consideration will be given to all proposals that have stated digital and\/or radio ambitions and that can work on multiple platforms. Last year\u2019s in-house one-off, \u2018Random Acts As Gaeilge\u2019 is a good example of how this kind of proposal could work. Proposals will be accepted for projects that can be shown on RT\u00c9 One or RT\u00c92.<\/p>\n<p>Eligible applications under the Irish Language Broadcast Fund, operated by Northern Ireland Screen, are also welcome, and should be in keeping with the aims and ambitions set out above, as are applications in the form of co-productions with other broadcasters.<\/p>\n","protected":false},"excerpt":{"rendered":"<p>CL\u00c1RACHA GAEILGE COMMISSIONING BRIEF\u00a0 T\u00e1 forbairt shuntasach d\u00e9anta le blianta beaga anuas ar an r\u00e9imse cl\u00e1r at\u00e1 dh\u00e1 choimisi\u00fan\u00fa ag Rann\u00f3g na gCl\u00e1r Gaeilge, ag t\u00f3g\u00e1il ar aschur den scoth a l\u00e9ir\u00edtear go hinmhe\u00e1nach le sraitheanna agus togra\u00ed aon-uaire \u00f3n earn\u00e1il neamhsple\u00e1ch. I measc na gCl\u00e1racha Gaeilge le d\u00e9ana\u00ed, bh\u00ed sraitheanna seanbhunaithe ar n\u00f3s &#8216;Scannal&#8217; [&hellip;]<\/p>\n","protected":false},"author":3,"featured_media":0,"parent":11,"menu_order":1,"comment_status":"closed","ping_status":"closed","template":"page-templates\/page-commissioning-brief.php","meta":{"footnotes":""},"class_list":["post-271","page","type-page","status-publish"],"_links":{"self":[{"href":"https:\/\/about.rte.ie\/radio\/wp-json\/wp\/v2\/pages\/271","targetHints":{"allow":["GET"]}}],"collection":[{"href":"https:\/\/about.rte.ie\/radio\/wp-json\/wp\/v2\/pages"}],"about":[{"href":"https:\/\/about.rte.ie\/radio\/wp-json\/wp\/v2\/types\/page"}],"author":[{"embeddable":true,"href":"https:\/\/about.rte.ie\/radio\/wp-json\/wp\/v2\/users\/3"}],"replies":[{"embeddable":true,"href":"https:\/\/about.rte.ie\/radio\/wp-json\/wp\/v2\/comments?post=271"}],"version-history":[{"count":0,"href":"https:\/\/about.rte.ie\/radio\/wp-json\/wp\/v2\/pages\/271\/revisions"}],"up":[{"embeddable":true,"href":"https:\/\/about.rte.ie\/radio\/wp-json\/wp\/v2\/pages\/11"}],"wp:attachment":[{"href":"https:\/\/about.rte.ie\/radio\/wp-json\/wp\/v2\/media?parent=271"}],"curies":[{"name":"wp","href":"https:\/\/api.w.org\/{rel}","templated":true}]}}